{"id":42,"date":"2024-09-25T07:53:20","date_gmt":"2024-09-25T05:53:20","guid":{"rendered":"https:\/\/asimetrica.pe\/shop\/?post_type=product&#038;p=42"},"modified":"2025-03-24T14:46:05","modified_gmt":"2025-03-24T13:46:05","slug":"movi-mob","status":"publish","type":"product","link":"https:\/\/asimetrica.pe\/shop\/product\/movi-mob\/","title":{"rendered":"Movi Mob"},"content":{"rendered":"<table>\n<tbody>\n<tr>\n<td>Sitio web<\/td>\n<td>MoviMob.es<\/td>\n<\/tr>\n<tr>\n<td>Acci\u00f3n<\/td>\n<td>\u2714 Alivio del dolor articular;<br \/>\n\u2714 Ayuda a aumentar el rango de movimiento de las articulaciones;<br \/>\n\u2714 La funci\u00f3n articular general mejora.<\/td>\n<\/tr>\n<tr>\n<td>Componentes<\/td>\n<td>Destaca entre otros productos por su composici\u00f3n \u00fanica, que combina ingredientes cuidadosamente seleccionados para brindar un cuidado integral de las articulaciones.<\/td>\n<\/tr>\n<tr>\n<td>Instrucciones de uso<\/td>\n<td>La dosis recomendada es de una c\u00e1psula al d\u00eda, preferiblemente con las comidas. Este enfoque puede ayudar a maximizar la absorci\u00f3n de los ingredientes del suplemento.<\/td>\n<\/tr>\n<tr>\n<td>Volumen<\/td>\n<td>30 c\u00e1psulas<\/td>\n<\/tr>\n<tr>\n<td>Precio<\/td>\n<td>\ud83d\uded1 780 MXN<\/td>\n<\/tr>\n<tr>\n<td>Entrega<\/td>\n<td>Hasta 7 d\u00edas<\/td>\n<\/tr>\n<\/tbody>\n<\/table>\n<h2><b>Movi Mob \u2013 remedio para el dolor articular<\/b><\/h2>\n<p><img loading=\"lazy\" decoding=\"async\" class=\"aligncenter size-full wp-image-31\" src=\"http:\/\/asimetrica.pe\/shop\/wp-content\/uploads\/2024\/09\/Movi-Mob-5.jpg\" alt=\"\" width=\"500\" height=\"331\" srcset=\"https:\/\/asimetrica.pe\/shop\/wp-content\/uploads\/2024\/09\/Movi-Mob-5.jpg 500w, https:\/\/asimetrica.pe\/shop\/wp-content\/uploads\/2024\/09\/Movi-Mob-5-300x199.jpg 300w\" sizes=\"(max-width: 500px) 100vw, 500px\" \/><\/p>\n<p>\u00bfAlguna vez has pensado en c\u00f3mo cuidar la salud y el estado de tus articulaciones en el agitado mundo actual? Ante el constante movimiento y las tareas diarias, te presentamos para que sirve Movi Mob, un revolucionario suplemento en c\u00e1psulas que promete no s\u00f3lo aliviar el dolor, sino tambi\u00e9n proteger y mejorar el rendimiento de tus articulaciones. Implementar Movi Mob en tu rutina diaria es una inversi\u00f3n en un futuro m\u00e1s saludable para tu cuerpo. \u00bfEst\u00e1s listo para aprender m\u00e1s sobre este producto \u00fanico? Descubra c\u00f3mo puede disfrutar de unas articulaciones sanas y tonificadas para poder vivir una vida plena en el acelerado mundo actual.<\/p>\n<h2><b>Dolor de rodilla<\/b><\/h2>\n<p>La rodilla es una de las articulaciones m\u00e1s grandes y complejas del esqueleto humano. La articulaci\u00f3n de la rodilla est\u00e1 sometida a una tensi\u00f3n casi constante. Se pueden observar sensaciones dolorosas tanto en reposo como durante los movimientos de flexi\u00f3n y extensi\u00f3n.<\/p>\n<p>La causa del dolor en la articulaci\u00f3n de la rodilla puede ser:<\/p>\n<ul>\n<li aria-level=\"1\"><b>Lesiones articulares menores con sangrado en tejidos blandos.<\/b> Una lesi\u00f3n en la articulaci\u00f3n de la rodilla causa hinchaz\u00f3n, dolor y movimiento limitado. En casos graves, la temperatura local aumenta, pero no se produce alivio con el tiempo.<\/li>\n<li aria-level=\"1\"><b>Lesiones de menisco.<\/b> Los m\u00e1s comunes son los desgarros y la compresi\u00f3n del menisco. Durante la flexi\u00f3n o extensi\u00f3n brusca, aparece un fuerte clic y un dolor agudo. Las sensaciones dolorosas y punzantes a menudo provocan la inmovilidad de la pierna.<\/li>\n<li aria-level=\"1\"><b>Una rotura del ligamento de la rodilla<\/b> es una lesi\u00f3n grave que puede combinarse con una fractura. La articulaci\u00f3n est\u00e1 en una posici\u00f3n antinatural.<\/li>\n<li aria-level=\"1\"><b>Enfermedades inflamatorias:<\/b> artritis, sinovitis, bursitis. El proceso puede afectar no s\u00f3lo a la articulaci\u00f3n, sino tambi\u00e9n a los tendones, las membranas de la c\u00e1psula articular y los tejidos blandos.<\/li>\n<li aria-level=\"1\"><b>La osteoporosis <\/b>es una enfermedad que provoca un aumento de la fragilidad \u00f3sea. La enfermedad se acompa\u00f1a de calambres nocturnos y dolor en la columna.<\/li>\n<li aria-level=\"1\"><b>La osteomielitis<\/b> es una patolog\u00eda purulenta-necr\u00f3tica de origen bacteriano. Los pacientes se quejan de malestar general, fiebre alta, enrojecimiento e hinchaz\u00f3n de la articulaci\u00f3n.<\/li>\n<\/ul>\n<h2><b>\u00bfQu\u00e9 tipo de c\u00e1psulas son Movi Mob?<\/b><\/h2>\n<p><img loading=\"lazy\" decoding=\"async\" class=\"aligncenter size-full wp-image-30\" src=\"http:\/\/asimetrica.pe\/shop\/wp-content\/uploads\/2024\/09\/Movi-Mob-4.jpg\" alt=\"\" width=\"500\" height=\"278\" srcset=\"https:\/\/asimetrica.pe\/shop\/wp-content\/uploads\/2024\/09\/Movi-Mob-4.jpg 500w, https:\/\/asimetrica.pe\/shop\/wp-content\/uploads\/2024\/09\/Movi-Mob-4-300x167.jpg 300w\" sizes=\"(max-width: 500px) 100vw, 500px\" \/><\/p>\n<p>\u00bfCu\u00e1ndo fue la \u00faltima vez que prestaste atenci\u00f3n a tus articulaciones? Movi Mob es un producto revolucionario en forma de c\u00e1psulas, creado pensando en la salud de las articulaciones. Estas c\u00e1psulas \u00fanicas contienen una mezcla cuidadosamente seleccionada de ingredientes naturales dise\u00f1adas para respaldar la funci\u00f3n articular \u00f3ptima, reducir el dolor y mejorar la movilidad. Esta es una soluci\u00f3n para quienes desean mantener sus articulaciones sanas y funcionando eficazmente, independientemente del ritmo y las exigencias de la vida moderna.<\/p>\n<p>Movi Mob es un producto que te permite invertir en la salud de tus articulaciones a largo plazo. Cuid\u00e1ndolos ahora podr\u00e1s llevar un estilo de vida activo evitando molestias y restricciones. Por eso, vale la pena conocer m\u00e1s sobre este suplemento revolucionario e invertir en tus articulaciones para mantener una vida plena ante los desaf\u00edos y el movimiento constante que nos presentan los tiempos modernos.<\/p>\n<h2><b>\u00bfC\u00f3mo act\u00faa la droga Movi Mob?<\/b><\/h2>\n<p>Movi Mob trabaja de diversas formas para ofrecer una atenci\u00f3n integral de las articulaciones. Con una mezcla \u00fanica de ingredientes como UC-II y extracto de resina de Boswellia serrata, este suplemento para las articulaciones funciona en m\u00faltiples niveles. En primer lugar, Movi Mob ayuda a reducir la inflamaci\u00f3n, que a menudo provoca molestias y dolores en las articulaciones.<\/p>\n<p>Adem\u00e1s, los ingredientes contenidos en Movi Mob ayudan a proteger el cart\u00edlago articular de la degradaci\u00f3n, lo cual es fundamental para la salud de las articulaciones a largo plazo. Reducir el dolor y la hinchaz\u00f3n y mejorar la movilidad son otros beneficios de las c\u00e1psulas Movi Mob. Gracias a este producto, las personas que cuidan sus articulaciones pueden disfrutar de un mayor bienestar, mayor libertad de movimiento y salud articular a largo plazo, permiti\u00e9ndoles participar activamente en la vida cotidiana.<\/p>\n<h2><b>Eficiencia de las c\u00e1psulas Movi Mob es bueno o malo<\/b><\/h2>\n<p><img loading=\"lazy\" decoding=\"async\" class=\"aligncenter size-full wp-image-29\" src=\"http:\/\/asimetrica.pe\/shop\/wp-content\/uploads\/2024\/09\/Movi-Mob-3.jpg\" alt=\"\" width=\"500\" height=\"499\" srcset=\"https:\/\/asimetrica.pe\/shop\/wp-content\/uploads\/2024\/09\/Movi-Mob-3.jpg 500w, https:\/\/asimetrica.pe\/shop\/wp-content\/uploads\/2024\/09\/Movi-Mob-3-300x300.jpg 300w, https:\/\/asimetrica.pe\/shop\/wp-content\/uploads\/2024\/09\/Movi-Mob-3-150x150.jpg 150w, https:\/\/asimetrica.pe\/shop\/wp-content\/uploads\/2024\/09\/Movi-Mob-3-320x320.jpg 320w, https:\/\/asimetrica.pe\/shop\/wp-content\/uploads\/2024\/09\/Movi-Mob-3-100x100.jpg 100w\" sizes=\"(max-width: 500px) 100vw, 500px\" \/><\/p>\n<p>La eficacia de Movi Mob ha sido confirmada por diversos estudios cient\u00edficos, destacando su valor en el mantenimiento de la salud articular. El uso regular de estas c\u00e1psulas aporta beneficios tangibles a los usuarios, incluido el alivio del dolor en las articulaciones. Las investigaciones muestran que Movi Mob resultados reales tambi\u00e9n ayuda a aumentar el rango de movimiento de las articulaciones, lo cual es fundamental para mantener el estado f\u00edsico y la comodidad en la vida cotidiana.<\/p>\n<p>Adem\u00e1s, los beneficios del uso regular de Movi Mob no se limitan al alivio del dolor o a la mejora de la movilidad articular. Se mejora la funci\u00f3n articular general, lo que significa que los usuarios pueden experimentar beneficios para la salud de sus articulaciones a largo plazo. Esto convierte a Movi Mob funciona en un valioso apoyo para quienes desean mantener sus articulaciones sanas y funcionales durante muchos a\u00f1os.<\/p>\n<h2><b>\u00bfQu\u00e9 ingredientes hay en Movi Mob?<\/b><\/h2>\n<p>Movi Mob destaca entre otros productos por su composici\u00f3n \u00fanica, que combina ingredientes cuidadosamente seleccionados para brindar un cuidado integral de las articulaciones. El ingrediente clave es el UC-II, col\u00e1geno tipo II no desnaturalizado, que se ha demostrado que mejora la salud vascular. tavs. Act\u00faa apoyando la reparaci\u00f3n del cart\u00edlago articular y reduciendo la inflamaci\u00f3n.<\/p>\n<p>Adem\u00e1s, el extracto de resina de Boswellia serrata aporta a la mezcla propiedades antiinflamatorias y analg\u00e9sicas, lo que ayuda a aliviar las molestias en las articulaciones. La c\u00farcuma y el jengibre, conocidos por sus propiedades antiinflamatorias, brindan apoyo adicional para reducir la inflamaci\u00f3n. La vitamina C y el manganeso desempe\u00f1an un papel clave en la formaci\u00f3n y mantenimiento del col\u00e1geno, que es esencial para la salud de las articulaciones. Juntos, estos ingredientes \u00fanicos forman un suplemento integral que ayudar\u00e1 a mantener sus articulaciones sanas y funcionales a largo plazo. as.<\/p>\n<h2><b>Esquema de toma de c\u00e1psulas Movi Mob y como se aplica<\/b><\/h2>\n<p>La dosis recomendada como se usa el Movi Mob es una c\u00e1psula al d\u00eda, preferiblemente con las comidas. Este enfoque puede ayudar a maximizar la absorci\u00f3n de los ingredientes del suplemento.<\/p>\n<p>Tambi\u00e9n es importante tomar las c\u00e1psulas con abundante l\u00edquido, como agua. Proporcionar al cuerpo una hidrataci\u00f3n adecuada es fundamental para el buen funcionamiento del sistema digestivo y facilita el movimiento de las c\u00e1psulas a trav\u00e9s del tracto digestivo, lo que puede afectar la absorci\u00f3n efectiva de los ingredientes activos. Seguir las recomendaciones de dosificaci\u00f3n y uso puede ayudarle a lograr los beneficios de salud deseados de Movi Mob.<\/p>\n<h2><b>Efectos secundarios y contraindicaciones<\/b><\/h2>\n<p>Movi Mob, al ser un producto a base de ingredientes naturales, se considera un producto con bajo riesgo de efectos secundarios. Sin embargo, las personas al\u00e9rgicas a alguno de los ingredientes del producto deben extremar las precauciones y evitar su uso. Si se produce alguna reacci\u00f3n adversa o alergia, siempre se recomienda consultar a un m\u00e9dico.<\/p>\n<p>Las mujeres embarazadas y en per\u00edodo de lactancia deben tener especial cuidado al elegir los suplementos y siempre deben consultar a un m\u00e9dico antes de utilizar cualquier producto nuevo, incluidos los suplementos diet\u00e9ticos.<\/p>\n<h2><b>\u00bfQu\u00e9 dicen los compradores sobre la eficiencia de Movi Mob?<\/b><\/h2>\n<p><img loading=\"lazy\" decoding=\"async\" class=\"aligncenter size-full wp-image-28\" src=\"http:\/\/asimetrica.pe\/shop\/wp-content\/uploads\/2024\/09\/Movi-Mob-2.jpg\" alt=\"\" width=\"500\" height=\"397\" srcset=\"https:\/\/asimetrica.pe\/shop\/wp-content\/uploads\/2024\/09\/Movi-Mob-2.jpg 500w, https:\/\/asimetrica.pe\/shop\/wp-content\/uploads\/2024\/09\/Movi-Mob-2-300x238.jpg 300w\" sizes=\"(max-width: 500px) 100vw, 500px\" \/><\/p>\n<p>Si buscas opiniones sobre alg\u00fan producto Movi Mob, confiable es importante consultar diversas fuentes de informaci\u00f3n. Navegar por foros en l\u00ednea y el sitio web oficial del fabricante es un buen lugar para comenzar, ya que los usuarios suelen compartir sus experiencias y rese\u00f1as. Movi Mob farmacia del ahorro ha sido elogiado por su eficacia para combatir el dolor articular y mejorar la movilidad, lo que puede ser informaci\u00f3n valiosa para los usuarios potenciales.<\/p>\n<p>Antes de comprar, conviene leer varias rese\u00f1as de otros usuarios para conocer el efecto real y la eficacia del producto. Las opiniones de otras personas pueden ayudarle a tomar una decisi\u00f3n m\u00e1s informada. Si ya has usado Movi Mob donde lo puedo conseguir y tienes tu propia experiencia, te animamos a dejar un comentario o rese\u00f1a para ayudar a otros a entender c\u00f3mo funciona el producto y si cumple con tus expectativas. Compartir su opini\u00f3n puede ser una valiosa contribuci\u00f3n a la evaluaci\u00f3n del producto por parte de otros consumidores.<\/p>\n<h2><b>Opiniones de consumidores<\/b><\/h2>\n<p>&nbsp;<\/p>\n<blockquote><p><b>Claudia<\/b><\/p>\n<p>Debido a los cambios en los niveles hormonales durante la menopausia, el dolor en las articulaciones de brazos y piernas empeor\u00f3. La trataron con inyecciones y ung\u00fcentos, hizo fisioterapia; le ayud\u00f3, pero despu\u00e9s de un tiempo el dolor volvi\u00f3. Siguiendo el consejo de mi m\u00e9dico, compr\u00e9 el medicamento donde comprar Movi Mob en el sitio web oficial del fabricante, cuyo tratamiento me devolvi\u00f3 la vida. Casi no hay dolor en la zona de las articulaciones y la movilidad de las articulaciones ha mejorado.<\/p><\/blockquote>\n<p>&nbsp;<\/p>\n<blockquote><p><b>Argenis<\/b><\/p>\n<p>Accidentalmente se cay\u00f3 y se lastim\u00f3 la articulaci\u00f3n de la rodilla. Despu\u00e9s del tratamiento terap\u00e9utico, la condici\u00f3n mejor\u00f3, pero le resultaba dif\u00edcil doblar la rodilla. Y estoy acostumbrado a los deportes: no puedo imaginar mi vida sin voleibol, esqu\u00ed y gimnasio. Mam\u00e1 ayud\u00f3 y orden\u00f3 Movi Mob precio farmacia del ahorro. Le\u00ed las instrucciones y me gust\u00f3 que contiene s\u00f3lo ingredientes naturales, sin productos qu\u00edmicos. He estado tomando el medicamento durante aproximadamente un mes. Me duele menos la rodilla, cada d\u00eda se dobla mejor: puedo subir escaleras f\u00e1cilmente y pronto estar\u00e9 corriendo.<\/p><\/blockquote>\n<p>&nbsp;<\/p>\n<blockquote><p><b>Johari<\/b><\/p>\n<p>Despu\u00e9s del parto, la articulaci\u00f3n de la rodilla se inflam\u00f3. El medicamento walmart Movi Mob ayud\u00f3 r\u00e1pidamente, alivi\u00f3 el dolor y la hinchaz\u00f3n insoportables.<\/p><\/blockquote>\n<p>&nbsp;<\/p>\n<blockquote><p><b>Rafael<\/b><\/p>\n<p>Me lesion\u00e9 la articulaci\u00f3n del hombro, soy cargador. Pero despu\u00e9s de 7 d\u00edas de tomar este medicamento, todo desapareci\u00f3.<\/p><\/blockquote>\n<h2><b>\u00bfD\u00f3nde comprar Movi Mob? \u00bfCu\u00e1l es el precio?<\/b><\/h2>\n<p><img loading=\"lazy\" decoding=\"async\" class=\"aligncenter size-full wp-image-27\" src=\"http:\/\/asimetrica.pe\/shop\/wp-content\/uploads\/2024\/09\/Movi-Mob-1.jpg\" alt=\"\" width=\"500\" height=\"263\" srcset=\"https:\/\/asimetrica.pe\/shop\/wp-content\/uploads\/2024\/09\/Movi-Mob-1.jpg 500w, https:\/\/asimetrica.pe\/shop\/wp-content\/uploads\/2024\/09\/Movi-Mob-1-300x158.jpg 300w\" sizes=\"(max-width: 500px) 100vw, 500px\" \/><\/p>\n<p>Aunque Movi Mob no est\u00e1 disponible en farmacias, supermercados ni plataformas populares en l\u00ednea, vale la pena considerar comprar el producto directamente desde el sitio web oficial del fabricante. La promoci\u00f3n actual -50% en la donde lo venden Movi Mob puede resultar beneficiosa para quienes quieran probar este producto.<\/p>\n<p>Al realizar el pedido directamente desde el sitio web oficial, puede estar seguro de que recibir\u00e1 un producto original y una garant\u00eda de calidad. Es importante, especialmente cuando se trata de complementos diet\u00e9ticos, evitar falsificaciones. Por lo tanto, comprar a trav\u00e9s del sitio web oficial del fabricante puede ser una forma segura y confiable de ganar precio farmacia similares Movi Mob, especialmente durante una promoci\u00f3n que te ayudar\u00e1 a ahorrar dinero.<\/p>\n","protected":false},"excerpt":{"rendered":"<p>Movi Mob es un suplemento revolucionario en c\u00e1psulas dise\u00f1ado para mejorar la salud y movilidad de las articulaciones. Con una f\u00f3rmula natural, ayuda a reducir el dolor y la inflamaci\u00f3n, protegiendo el cart\u00edlago y asegurando un funcionamiento \u00f3ptimo en la vida diaria.<\/p>\n","protected":false},"featured_media":26,"comment_status":"open","ping_status":"closed","template":"","meta":[],"product_cat":[15],"product_tag":[],"yoast_head":"<!-- This site is optimized with the Yoast SEO plugin v23.9 - https:\/\/yoast.com\/wordpress\/plugins\/seo\/ -->\n<title>Movi Mob - Asimetrica<\/title>\n<meta name=\"robots\" content=\"index, follow, max-snippet:-1, max-image-preview:large, max-video-preview:-1\" \/>\n<link rel=\"canonical\" href=\"https:\/\/asimetrica.pe\/shop\/product\/movi-mob\/\" \/>\n<meta property=\"og:locale\" content=\"es_ES\" \/>\n<meta property=\"og:type\" content=\"article\" \/>\n<meta property=\"og:title\" content=\"Movi Mob - Asimetrica\" \/>\n<meta property=\"og:description\" content=\"Movi Mob es un suplemento revolucionario en c\u00e1psulas dise\u00f1ado para mejorar la salud y movilidad de las articulaciones. Con una f\u00f3rmula natural, ayuda a reducir el dolor y la inflamaci\u00f3n, protegiendo el cart\u00edlago y asegurando un funcionamiento \u00f3ptimo en la vida diaria.\" \/>\n<meta property=\"og:url\" content=\"https:\/\/asimetrica.pe\/shop\/product\/movi-mob\/\" \/>\n<meta property=\"og:site_name\" content=\"Asimetrica\" \/>\n<meta property=\"article:modified_time\" content=\"2025-03-24T13:46:05+00:00\" \/>\n<meta property=\"og:image\" content=\"http:\/\/asimetrica.pe\/shop\/wp-content\/uploads\/2024\/09\/Movi-Mob.jpg\" \/>\n\t<meta property=\"og:image:width\" content=\"339\" \/>\n\t<meta property=\"og:image:height\" content=\"340\" \/>\n\t<meta property=\"og:image:type\" content=\"image\/jpeg\" \/>\n<meta name=\"twitter:card\" content=\"summary_large_image\" \/>\n<meta name=\"twitter:label1\" content=\"Tiempo de lectura\" \/>\n\t<meta name=\"twitter:data1\" content=\"10 minutos\" \/>\n<script type=\"application\/ld+json\" class=\"yoast-schema-graph\">{\"@context\":\"https:\/\/schema.org\",\"@graph\":[{\"@type\":\"WebPage\",\"@id\":\"https:\/\/asimetrica.pe\/shop\/product\/movi-mob\/\",\"url\":\"https:\/\/asimetrica.pe\/shop\/product\/movi-mob\/\",\"name\":\"Movi Mob - Asimetrica\",\"isPartOf\":{\"@id\":\"https:\/\/asimetrica.pe\/shop\/#website\"},\"primaryImageOfPage\":{\"@id\":\"https:\/\/asimetrica.pe\/shop\/product\/movi-mob\/#primaryimage\"},\"image\":{\"@id\":\"https:\/\/asimetrica.pe\/shop\/product\/movi-mob\/#primaryimage\"},\"thumbnailUrl\":\"https:\/\/asimetrica.pe\/shop\/wp-content\/uploads\/2024\/09\/Movi-Mob.jpg\",\"datePublished\":\"2024-09-25T05:53:20+00:00\",\"dateModified\":\"2025-03-24T13:46:05+00:00\",\"breadcrumb\":{\"@id\":\"https:\/\/asimetrica.pe\/shop\/product\/movi-mob\/#breadcrumb\"},\"inLanguage\":\"es\",\"potentialAction\":[{\"@type\":\"ReadAction\",\"target\":[\"https:\/\/asimetrica.pe\/shop\/product\/movi-mob\/\"]}]},{\"@type\":\"ImageObject\",\"inLanguage\":\"es\",\"@id\":\"https:\/\/asimetrica.pe\/shop\/product\/movi-mob\/#primaryimage\",\"url\":\"https:\/\/asimetrica.pe\/shop\/wp-content\/uploads\/2024\/09\/Movi-Mob.jpg\",\"contentUrl\":\"https:\/\/asimetrica.pe\/shop\/wp-content\/uploads\/2024\/09\/Movi-Mob.jpg\",\"width\":339,\"height\":340},{\"@type\":\"BreadcrumbList\",\"@id\":\"https:\/\/asimetrica.pe\/shop\/product\/movi-mob\/#breadcrumb\",\"itemListElement\":[{\"@type\":\"ListItem\",\"position\":1,\"name\":\"Home\",\"item\":\"https:\/\/asimetrica.pe\/shop\/\"},{\"@type\":\"ListItem\",\"position\":2,\"name\":\"Tienda\",\"item\":\"https:\/\/asimetrica.pe\/shop\/\"},{\"@type\":\"ListItem\",\"position\":3,\"name\":\"Movi Mob\"}]},{\"@type\":\"WebSite\",\"@id\":\"https:\/\/asimetrica.pe\/shop\/#website\",\"url\":\"https:\/\/asimetrica.pe\/shop\/\",\"name\":\"Asimetrica\",\"description\":\"Shop\",\"publisher\":{\"@id\":\"https:\/\/asimetrica.pe\/shop\/#organization\"},\"potentialAction\":[{\"@type\":\"SearchAction\",\"target\":{\"@type\":\"EntryPoint\",\"urlTemplate\":\"https:\/\/asimetrica.pe\/shop\/?s={search_term_string}\"},\"query-input\":{\"@type\":\"PropertyValueSpecification\",\"valueRequired\":true,\"valueName\":\"search_term_string\"}}],\"inLanguage\":\"es\"},{\"@type\":\"Organization\",\"@id\":\"https:\/\/asimetrica.pe\/shop\/#organization\",\"name\":\"Asimetrica\",\"url\":\"https:\/\/asimetrica.pe\/shop\/\",\"logo\":{\"@type\":\"ImageObject\",\"inLanguage\":\"es\",\"@id\":\"https:\/\/asimetrica.pe\/shop\/#\/schema\/logo\/image\/\",\"url\":\"https:\/\/asimetrica.pe\/shop\/wp-content\/uploads\/2024\/11\/asimetrica.jpg\",\"contentUrl\":\"https:\/\/asimetrica.pe\/shop\/wp-content\/uploads\/2024\/11\/asimetrica.jpg\",\"width\":328,\"height\":72,\"caption\":\"Asimetrica\"},\"image\":{\"@id\":\"https:\/\/asimetrica.pe\/shop\/#\/schema\/logo\/image\/\"}}]}<\/script>\n<!-- \/ Yoast SEO plugin. -->","yoast_head_json":{"title":"Movi Mob - Asimetrica","robots":{"index":"index","follow":"follow","max-snippet":"max-snippet:-1","max-image-preview":"max-image-preview:large","max-video-preview":"max-video-preview:-1"},"canonical":"https:\/\/asimetrica.pe\/shop\/product\/movi-mob\/","og_locale":"es_ES","og_type":"article","og_title":"Movi Mob - Asimetrica","og_description":"Movi Mob es un suplemento revolucionario en c\u00e1psulas dise\u00f1ado para mejorar la salud y movilidad de las articulaciones. Con una f\u00f3rmula natural, ayuda a reducir el dolor y la inflamaci\u00f3n, protegiendo el cart\u00edlago y asegurando un funcionamiento \u00f3ptimo en la vida diaria.","og_url":"https:\/\/asimetrica.pe\/shop\/product\/movi-mob\/","og_site_name":"Asimetrica","article_modified_time":"2025-03-24T13:46:05+00:00","og_image":[{"width":339,"height":340,"url":"http:\/\/asimetrica.pe\/shop\/wp-content\/uploads\/2024\/09\/Movi-Mob.jpg","type":"image\/jpeg"}],"twitter_card":"summary_large_image","twitter_misc":{"Tiempo de lectura":"10 minutos"},"schema":{"@context":"https:\/\/schema.org","@graph":[{"@type":"WebPage","@id":"https:\/\/asimetrica.pe\/shop\/product\/movi-mob\/","url":"https:\/\/asimetrica.pe\/shop\/product\/movi-mob\/","name":"Movi Mob - Asimetrica","isPartOf":{"@id":"https:\/\/asimetrica.pe\/shop\/#website"},"primaryImageOfPage":{"@id":"https:\/\/asimetrica.pe\/shop\/product\/movi-mob\/#primaryimage"},"image":{"@id":"https:\/\/asimetrica.pe\/shop\/product\/movi-mob\/#primaryimage"},"thumbnailUrl":"https:\/\/asimetrica.pe\/shop\/wp-content\/uploads\/2024\/09\/Movi-Mob.jpg","datePublished":"2024-09-25T05:53:20+00:00","dateModified":"2025-03-24T13:46:05+00:00","breadcrumb":{"@id":"https:\/\/asimetrica.pe\/shop\/product\/movi-mob\/#breadcrumb"},"inLanguage":"es","potentialAction":[{"@type":"ReadAction","target":["https:\/\/asimetrica.pe\/shop\/product\/movi-mob\/"]}]},{"@type":"ImageObject","inLanguage":"es","@id":"https:\/\/asimetrica.pe\/shop\/product\/movi-mob\/#primaryimage","url":"https:\/\/asimetrica.pe\/shop\/wp-content\/uploads\/2024\/09\/Movi-Mob.jpg","contentUrl":"https:\/\/asimetrica.pe\/shop\/wp-content\/uploads\/2024\/09\/Movi-Mob.jpg","width":339,"height":340},{"@type":"BreadcrumbList","@id":"https:\/\/asimetrica.pe\/shop\/product\/movi-mob\/#breadcrumb","itemListElement":[{"@type":"ListItem","position":1,"name":"Home","item":"https:\/\/asimetrica.pe\/shop\/"},{"@type":"ListItem","position":2,"name":"Tienda","item":"https:\/\/asimetrica.pe\/shop\/"},{"@type":"ListItem","position":3,"name":"Movi Mob"}]},{"@type":"WebSite","@id":"https:\/\/asimetrica.pe\/shop\/#website","url":"https:\/\/asimetrica.pe\/shop\/","name":"Asimetrica","description":"Shop","publisher":{"@id":"https:\/\/asimetrica.pe\/shop\/#organization"},"potentialAction":[{"@type":"SearchAction","target":{"@type":"EntryPoint","urlTemplate":"https:\/\/asimetrica.pe\/shop\/?s={search_term_string}"},"query-input":{"@type":"PropertyValueSpecification","valueRequired":true,"valueName":"search_term_string"}}],"inLanguage":"es"},{"@type":"Organization","@id":"https:\/\/asimetrica.pe\/shop\/#organization","name":"Asimetrica","url":"https:\/\/asimetrica.pe\/shop\/","logo":{"@type":"ImageObject","inLanguage":"es","@id":"https:\/\/asimetrica.pe\/shop\/#\/schema\/logo\/image\/","url":"https:\/\/asimetrica.pe\/shop\/wp-content\/uploads\/2024\/11\/asimetrica.jpg","contentUrl":"https:\/\/asimetrica.pe\/shop\/wp-content\/uploads\/2024\/11\/asimetrica.jpg","width":328,"height":72,"caption":"Asimetrica"},"image":{"@id":"https:\/\/asimetrica.pe\/shop\/#\/schema\/logo\/image\/"}}]}},"_links":{"self":[{"href":"https:\/\/asimetrica.pe\/shop\/wp-json\/wp\/v2\/product\/42"}],"collection":[{"href":"https:\/\/asimetrica.pe\/shop\/wp-json\/wp\/v2\/product"}],"about":[{"href":"https:\/\/asimetrica.pe\/shop\/wp-json\/wp\/v2\/types\/product"}],"replies":[{"embeddable":true,"href":"https:\/\/asimetrica.pe\/shop\/wp-json\/wp\/v2\/comments?post=42"}],"wp:featuredmedia":[{"embeddable":true,"href":"https:\/\/asimetrica.pe\/shop\/wp-json\/wp\/v2\/media\/26"}],"wp:attachment":[{"href":"https:\/\/asimetrica.pe\/shop\/wp-json\/wp\/v2\/media?parent=42"}],"wp:term":[{"taxonomy":"product_cat","embeddable":true,"href":"https:\/\/asimetrica.pe\/shop\/wp-json\/wp\/v2\/product_cat?post=42"},{"taxonomy":"product_tag","embeddable":true,"href":"https:\/\/asimetrica.pe\/shop\/wp-json\/wp\/v2\/product_tag?post=42"}],"curies":[{"name":"wp","href":"https:\/\/api.w.org\/{rel}","templated":true}]}}