{"id":41,"date":"2024-09-25T07:51:29","date_gmt":"2024-09-25T05:51:29","guid":{"rendered":"https:\/\/asimetrica.pe\/shop\/?post_type=product&#038;p=41"},"modified":"2025-04-06T13:48:57","modified_gmt":"2025-04-06T11:48:57","slug":"lutevid","status":"publish","type":"product","link":"https:\/\/asimetrica.pe\/shop\/product\/lutevid\/","title":{"rendered":"Lutevid"},"content":{"rendered":"<table>\n<tbody>\n<tr>\n<td>Sitio web<\/td>\n<td>Lutevid.es<\/td>\n<\/tr>\n<tr>\n<td>Acci\u00f3n<\/td>\n<td>\u2714 Fortalecimiento de los m\u00fasculos visuales.<br \/>\n\u2714 Mejora del suministro de sangre<br \/>\n\u2714 Claridad y brillo de visi\u00f3n mejorados.<\/td>\n<\/tr>\n<tr>\n<td>Componentes<\/td>\n<td>\u2714 Cal\u00e9ndulas brillantes;<br \/>\n\u2714 Impaciencias del himalaya;<br \/>\n\u2714 Sangriento.<\/td>\n<\/tr>\n<tr>\n<td>Instrucciones de uso<\/td>\n<td>La aplicaci\u00f3n es muy sencilla: una c\u00e1psula al d\u00eda durante 3-6 semanas.<\/td>\n<\/tr>\n<tr>\n<td>Volumen<\/td>\n<td>30 c\u00e1psulas<\/td>\n<\/tr>\n<tr>\n<td>Precio<\/td>\n<td>\ud83d\uded1 780 MXN<\/td>\n<\/tr>\n<tr>\n<td>Entrega<\/td>\n<td>Hasta 4 d\u00edas h\u00e1biles<\/td>\n<\/tr>\n<\/tbody>\n<\/table>\n<h2><b>C\u00e1psulas Lutevid &#8211; ojos sanos sin cirug\u00eda<\/b><\/h2>\n<p><img loading=\"lazy\" decoding=\"async\" class=\"aligncenter size-full wp-image-21\" src=\"http:\/\/asimetrica.pe\/shop\/wp-content\/uploads\/2024\/09\/Lutevid-1.jpg\" alt=\"\" width=\"500\" height=\"408\" srcset=\"https:\/\/asimetrica.pe\/shop\/wp-content\/uploads\/2024\/09\/Lutevid-1.jpg 500w, https:\/\/asimetrica.pe\/shop\/wp-content\/uploads\/2024\/09\/Lutevid-1-300x245.jpg 300w\" sizes=\"(max-width: 500px) 100vw, 500px\" \/><\/p>\n<p>Para que sirve Lutevid: c\u00e1psulas con impaciencia del Himalaya, destinadas a personas que desean recuperar la visi\u00f3n completa. Adem\u00e1s, el producto combate perfectamente diversas enfermedades oculares, como la sequedad y el enrojecimiento.<\/p>\n<p>\u00bfQuieres deshacerte de las gafas para siempre? \u00bfO quiz\u00e1s sufres de molestos problemas de visi\u00f3n? Lutevid es un producto que vale la pena conocer farmacia del ahorro.<\/p>\n<p>Los comentarios de los clientes y mi opini\u00f3n dicen claramente: este suplemento funciona. Descubra por qu\u00e9 esta soluci\u00f3n natural es eficaz y segura para su salud.<\/p>\n<h2><b>Ojos secos en invierno: \u00bfc\u00f3mo protegerlos esta temporada?<\/b><\/h2>\n<p>La combinaci\u00f3n de aire fr\u00edo y seco, vientos fuertes y calefacci\u00f3n interior puede crear una receta desagradable para irritar los ojos secos. Esto es algo com\u00fan durante los meses m\u00e1s fr\u00edos, especialmente para las personas que usan lentes de contacto o tienen enfermedades oculares cr\u00f3nicas. Cuando el aire se seca, afecta la producci\u00f3n de la pel\u00edcula lagrimal, que est\u00e1 dise\u00f1ada para mantener los ojos h\u00famedos.<\/p>\n<p>Si ha notado irritaci\u00f3n esta temporada, es probable que est\u00e9 sufriendo esta dolencia com\u00fan del invierno. A continuaci\u00f3n se muestran algunas formas eficaces de prevenir la sequedad ocular en invierno y reducir las molestias.<\/p>\n<h3>Irrigaci\u00f3n<\/h3>\n<p>En invierno, las temperaturas m\u00e1s fr\u00edas resultan menos tentadoras para beber agua. En cambio, muchas personas gravitan hacia otras opciones como la cafe\u00edna, los refrescos y las bebidas alcoh\u00f3licas. Sin embargo, si tiene sequedad severa, es importante mantenerse hidratado durante los meses de invierno para mantener el cuerpo y los ojos hidratados.<\/p>\n<p>Intenta beber ocho vasos de agua al d\u00eda. Si esto le resulta dif\u00edcil, opte por un t\u00e9 de hierbas, que puede resultar m\u00e1s agradable cuando hace fr\u00edo afuera.<\/p>\n<h3>Usa un humidificador<\/h3>\n<p>Cuando el term\u00f3metro baja, encendemos la calefacci\u00f3n de la habitaci\u00f3n, lo que hace que el aire del interior est\u00e9 a\u00fan m\u00e1s seco. El uso de un humidificador es fundamental para devolver la humedad al aire y equilibrar la sequedad. Esto traer\u00e1 alivio a la piel y los ojos.<\/p>\n<h3>Me siento lejos de los radiadores<\/h3>\n<p>Ya sea un calentador, un ventilador o un radiador, trate de no sentarse cerca de la fuente de calor. En su lugar, considere formas alternativas de posicionarse de manera que no reciba calor directo que irradie hacia su cuerpo y cara.<\/p>\n<h2><b>\u00bfQu\u00e9 es Lutevid y c\u00f3mo funciona para la discapacidad visual?<\/b><\/h2>\n<p><img loading=\"lazy\" decoding=\"async\" class=\"aligncenter size-full wp-image-22\" src=\"http:\/\/asimetrica.pe\/shop\/wp-content\/uploads\/2024\/09\/Lutevid-2.jpg\" alt=\"\" width=\"487\" height=\"258\" srcset=\"https:\/\/asimetrica.pe\/shop\/wp-content\/uploads\/2024\/09\/Lutevid-2.jpg 487w, https:\/\/asimetrica.pe\/shop\/wp-content\/uploads\/2024\/09\/Lutevid-2-300x159.jpg 300w\" sizes=\"(max-width: 487px) 100vw, 487px\" \/><\/p>\n<p>Lutevid es un revolucionario complemento en forma de c\u00e1psulas creado para personas que quieren recuperar resultados reales una visi\u00f3n ideal sin recurrir a cirug\u00eda ni utilizar gafas. Los defectos de la visi\u00f3n pueden afectar la calidad de vida en muchos niveles, desde problemas de concentraci\u00f3n hasta el empeoramiento de las relaciones interpersonales. Walmart Lutevid no s\u00f3lo combate eficazmente los defectos de la visi\u00f3n, sino que tambi\u00e9n act\u00faa sobre sus causas, mejorando el estado general de los ojos.<\/p>\n<p>Lutevid precio farmacia del ahorro funciona de varias maneras:<\/p>\n<ol>\n<li aria-level=\"1\">Fortalecimiento de los m\u00fasculos visuales: los ingredientes activos aumentan el tono del m\u00fasculo ciliar.<\/li>\n<li aria-level=\"1\">Mejora del suministro de sangre: las c\u00e1psulas aumentan la elasticidad de las arterias oculares y estimulan el flujo sangu\u00edneo.<\/li>\n<li aria-level=\"1\">Mayor claridad y brillo de la visi\u00f3n: el efecto se nota despu\u00e9s de un solo procedimiento.<\/li>\n<\/ol>\n<h2><b>Indicaciones de uso de c\u00e1psulas<\/b><\/h2>\n<ul>\n<li aria-level=\"1\">Defectos visuales.<\/li>\n<li aria-level=\"1\">Ojos secos e irritados.<\/li>\n<li aria-level=\"1\">Visi\u00f3n borrosa.<\/li>\n<li aria-level=\"1\">Problemas con los vasos sangu\u00edneos del ojo.<\/li>\n<\/ul>\n<h2><b>\u00bfCu\u00e1les son los beneficios de Lutevid es bueno o malo?<\/b><\/h2>\n<ol>\n<li aria-level=\"1\">Fortalecimiento de los m\u00fasculos visuales: Aumenta el tono del m\u00fasculo ciliar.<\/li>\n<li aria-level=\"1\">Mejora del riego sangu\u00edneo: estimula el flujo sangu\u00edneo a la retina y la c\u00f3rnea.<\/li>\n<li aria-level=\"1\">Mayor claridad y brillo de la visi\u00f3n: contornos y colores m\u00e1s n\u00edtidos despu\u00e9s de un tratamiento.<\/li>\n<\/ol>\n<h2><b>\u00bfQu\u00e9 hay en Lutevid?<\/b><\/h2>\n<p><img loading=\"lazy\" decoding=\"async\" class=\"aligncenter size-full wp-image-23\" src=\"http:\/\/asimetrica.pe\/shop\/wp-content\/uploads\/2024\/09\/Lutevid-3.jpg\" alt=\"\" width=\"500\" height=\"427\" srcset=\"https:\/\/asimetrica.pe\/shop\/wp-content\/uploads\/2024\/09\/Lutevid-3.jpg 500w, https:\/\/asimetrica.pe\/shop\/wp-content\/uploads\/2024\/09\/Lutevid-3-300x256.jpg 300w\" sizes=\"(max-width: 500px) 100vw, 500px\" \/><\/p>\n<ol>\n<li aria-level=\"1\"><b>U\u00f1as brillantes:<\/b> Reduce la irritaci\u00f3n y la sequedad ocular.<\/li>\n<li aria-level=\"1\"><b>Impatiens del Himalaya:<\/b> fortalece las paredes de los vasos sangu\u00edneos.<\/li>\n<li aria-level=\"1\"><b>Planta sangu\u00ednea:<\/b> normaliza la presi\u00f3n intraocular.<\/li>\n<li aria-level=\"1\"><b>Tilo<\/b>: Tiene propiedades antioxidantes.<\/li>\n<\/ol>\n<p>Todos los ingredientes son 100% naturales y seguros para la salud.<\/p>\n<h2><b>\u00bfC\u00f3mo utilizar Lutevid y como se aplica?<\/b><\/h2>\n<p>La aplicaci\u00f3n es muy sencilla: una c\u00e1psula al d\u00eda durante como se usa el 3-6 semanas. Pr\u00e1cticamente no hay efectos secundarios, la \u00fanica contraindicaci\u00f3n es la alergia a uno de los ingredientes.<\/p>\n<h2><b>Opiniones de consumidores Lutevid<\/b><\/h2>\n<p>&nbsp;<\/p>\n<blockquote><p><b>Mariana<\/b><\/p>\n<p>Lutevid donde lo puedo conseguir: \u00a1este es un verdadero punto de inflexi\u00f3n en mi vida! Despu\u00e9s de dos semanas de uso puedo ver c\u00f3mo me sent\u00eda cuando era m\u00e1s joven.<\/p><\/blockquote>\n<p>&nbsp;<\/p>\n<blockquote><p><b>Uri\u00e1n<\/b><\/p>\n<p>No cre\u00eda que el suplemento pudiera sustituir a las gafas. Lutevid confiable me convenci\u00f3!<\/p><\/blockquote>\n<p>&nbsp;<\/p>\n<blockquote><p><b>Yuriko<\/b><\/p>\n<p>\u00bfMi opini\u00f3n? Ahorro en gafas y me siento mejor. \u00a1Gracias, Lutevid!<\/p><\/blockquote>\n<p>&nbsp;<\/p>\n<blockquote><p><b>Ademir<\/b><\/p>\n<p>Las c\u00e1psulas funcionan seg\u00fan lo prometido. \u00a1Incre\u00edble!<\/p><\/blockquote>\n<h2><b>\u00bfPrecio y d\u00f3nde comprar Lutevid?<\/b><\/h2>\n<p><img loading=\"lazy\" decoding=\"async\" class=\"aligncenter size-full wp-image-24\" src=\"http:\/\/asimetrica.pe\/shop\/wp-content\/uploads\/2024\/09\/Lutevid-4.jpg\" alt=\"\" width=\"500\" height=\"285\" srcset=\"https:\/\/asimetrica.pe\/shop\/wp-content\/uploads\/2024\/09\/Lutevid-4.jpg 500w, https:\/\/asimetrica.pe\/shop\/wp-content\/uploads\/2024\/09\/Lutevid-4-300x171.jpg 300w\" sizes=\"(max-width: 500px) 100vw, 500px\" \/><\/p>\n<p>Donde lo venden Lutevid no disponible en farmacias y webs comerciales. S\u00f3lo puedes comprarlo en la web oficial del producto.<\/p>\n<h2><b>Preguntas m\u00e1s frecuentes<\/b><\/h2>\n<h3>Lutevid seguro?<\/h3>\n<p>S\u00ed, el producto es 100% natural.<\/p>\n<h3>\u00bfD\u00f3nde comprar Lutevid?<\/h3>\n<p>S\u00f3lo en la web oficial del producto.<\/p>\n<h3>\u00bfHay alg\u00fan efecto secundario?<\/h3>\n<p>No, a menos que sea al\u00e9rgico a alguno de los ingredientes.<\/p>\n<h3>Breve descripci\u00f3n y calificaci\u00f3n del complemento Lutevid<\/h3>\n<p>Lutevid es una forma innovadora y eficaz de recuperar la buena visi\u00f3n. No s\u00f3lo es seguro para la salud, sino tambi\u00e9n eficaz. Su composici\u00f3n natural no garantiza efectos secundarios. Este es un producto que vale la pena recomendar y beneficiar\u00e1 a cualquiera que quiera mejorar su calidad de vida recuperando la visi\u00f3n completa. \u00a1No esperes m\u00e1s y empieza a usar Lutevid precio farmacia similares ahora mismo!<\/p>\n<h3>\u00bfPor qu\u00e9 deber\u00edas comprar Lutevid?<\/h3>\n<p>Seguridad dormir para la salud: composici\u00f3n 100% natural.<\/p>\n<h3>Eficaz: efecto comprobado en poco tiempo<\/h3>\n<p><img loading=\"lazy\" decoding=\"async\" class=\"aligncenter size-full wp-image-25\" src=\"http:\/\/asimetrica.pe\/shop\/wp-content\/uploads\/2024\/09\/Lutevid-5.jpg\" alt=\"\" width=\"500\" height=\"337\" srcset=\"https:\/\/asimetrica.pe\/shop\/wp-content\/uploads\/2024\/09\/Lutevid-5.jpg 500w, https:\/\/asimetrica.pe\/shop\/wp-content\/uploads\/2024\/09\/Lutevid-5-300x202.jpg 300w\" sizes=\"(max-width: 500px) 100vw, 500px\" \/><\/p>\n<p>Disponible s\u00f3lo en la web oficial: Originalidad garantizada y mejor precio.<\/p>\n","protected":false},"excerpt":{"rendered":"<p>Lutevid son c\u00e1psulas dise\u00f1adas para restaurar la visi\u00f3n y combatir problemas oculares como la sequedad y el enrojecimiento. Este suplemento natural es una soluci\u00f3n eficaz y segura para quienes desean mejorar su salud visual y deshacerse de las gafas.<\/p>\n","protected":false},"featured_media":20,"comment_status":"open","ping_status":"closed","template":"","meta":[],"product_cat":[15],"product_tag":[],"yoast_head":"<!-- This site is optimized with the Yoast SEO plugin v23.9 - https:\/\/yoast.com\/wordpress\/plugins\/seo\/ -->\n<title>Lutevid - Asimetrica<\/title>\n<meta name=\"robots\" content=\"index, follow, max-snippet:-1, max-image-preview:large, max-video-preview:-1\" \/>\n<link rel=\"canonical\" href=\"https:\/\/asimetrica.pe\/shop\/product\/lutevid\/\" \/>\n<meta property=\"og:locale\" content=\"es_ES\" \/>\n<meta property=\"og:type\" content=\"article\" \/>\n<meta property=\"og:title\" content=\"Lutevid - Asimetrica\" \/>\n<meta property=\"og:description\" content=\"Lutevid son c\u00e1psulas dise\u00f1adas para restaurar la visi\u00f3n y combatir problemas oculares como la sequedad y el enrojecimiento. Este suplemento natural es una soluci\u00f3n eficaz y segura para quienes desean mejorar su salud visual y deshacerse de las gafas.\" \/>\n<meta property=\"og:url\" content=\"https:\/\/asimetrica.pe\/shop\/product\/lutevid\/\" \/>\n<meta property=\"og:site_name\" content=\"Asimetrica\" \/>\n<meta property=\"article:modified_time\" content=\"2025-04-06T11:48:57+00:00\" \/>\n<meta property=\"og:image\" content=\"http:\/\/asimetrica.pe\/shop\/wp-content\/uploads\/2024\/09\/Lutevid.jpg\" \/>\n\t<meta property=\"og:image:width\" content=\"260\" \/>\n\t<meta property=\"og:image:height\" content=\"340\" \/>\n\t<meta property=\"og:image:type\" content=\"image\/jpeg\" \/>\n<meta name=\"twitter:card\" content=\"summary_large_image\" \/>\n<meta name=\"twitter:label1\" content=\"Tiempo de lectura\" \/>\n\t<meta name=\"twitter:data1\" content=\"5 minutos\" \/>\n<script type=\"application\/ld+json\" class=\"yoast-schema-graph\">{\"@context\":\"https:\/\/schema.org\",\"@graph\":[{\"@type\":\"WebPage\",\"@id\":\"https:\/\/asimetrica.pe\/shop\/product\/lutevid\/\",\"url\":\"https:\/\/asimetrica.pe\/shop\/product\/lutevid\/\",\"name\":\"Lutevid - Asimetrica\",\"isPartOf\":{\"@id\":\"https:\/\/asimetrica.pe\/shop\/#website\"},\"primaryImageOfPage\":{\"@id\":\"https:\/\/asimetrica.pe\/shop\/product\/lutevid\/#primaryimage\"},\"image\":{\"@id\":\"https:\/\/asimetrica.pe\/shop\/product\/lutevid\/#primaryimage\"},\"thumbnailUrl\":\"https:\/\/asimetrica.pe\/shop\/wp-content\/uploads\/2024\/09\/Lutevid.jpg\",\"datePublished\":\"2024-09-25T05:51:29+00:00\",\"dateModified\":\"2025-04-06T11:48:57+00:00\",\"breadcrumb\":{\"@id\":\"https:\/\/asimetrica.pe\/shop\/product\/lutevid\/#breadcrumb\"},\"inLanguage\":\"es\",\"potentialAction\":[{\"@type\":\"ReadAction\",\"target\":[\"https:\/\/asimetrica.pe\/shop\/product\/lutevid\/\"]}]},{\"@type\":\"ImageObject\",\"inLanguage\":\"es\",\"@id\":\"https:\/\/asimetrica.pe\/shop\/product\/lutevid\/#primaryimage\",\"url\":\"https:\/\/asimetrica.pe\/shop\/wp-content\/uploads\/2024\/09\/Lutevid.jpg\",\"contentUrl\":\"https:\/\/asimetrica.pe\/shop\/wp-content\/uploads\/2024\/09\/Lutevid.jpg\",\"width\":260,\"height\":340},{\"@type\":\"BreadcrumbList\",\"@id\":\"https:\/\/asimetrica.pe\/shop\/product\/lutevid\/#breadcrumb\",\"itemListElement\":[{\"@type\":\"ListItem\",\"position\":1,\"name\":\"Home\",\"item\":\"https:\/\/asimetrica.pe\/shop\/\"},{\"@type\":\"ListItem\",\"position\":2,\"name\":\"Tienda\",\"item\":\"https:\/\/asimetrica.pe\/shop\/\"},{\"@type\":\"ListItem\",\"position\":3,\"name\":\"Lutevid\"}]},{\"@type\":\"WebSite\",\"@id\":\"https:\/\/asimetrica.pe\/shop\/#website\",\"url\":\"https:\/\/asimetrica.pe\/shop\/\",\"name\":\"Asimetrica\",\"description\":\"Shop\",\"publisher\":{\"@id\":\"https:\/\/asimetrica.pe\/shop\/#organization\"},\"potentialAction\":[{\"@type\":\"SearchAction\",\"target\":{\"@type\":\"EntryPoint\",\"urlTemplate\":\"https:\/\/asimetrica.pe\/shop\/?s={search_term_string}\"},\"query-input\":{\"@type\":\"PropertyValueSpecification\",\"valueRequired\":true,\"valueName\":\"search_term_string\"}}],\"inLanguage\":\"es\"},{\"@type\":\"Organization\",\"@id\":\"https:\/\/asimetrica.pe\/shop\/#organization\",\"name\":\"Asimetrica\",\"url\":\"https:\/\/asimetrica.pe\/shop\/\",\"logo\":{\"@type\":\"ImageObject\",\"inLanguage\":\"es\",\"@id\":\"https:\/\/asimetrica.pe\/shop\/#\/schema\/logo\/image\/\",\"url\":\"https:\/\/asimetrica.pe\/shop\/wp-content\/uploads\/2024\/11\/asimetrica.jpg\",\"contentUrl\":\"https:\/\/asimetrica.pe\/shop\/wp-content\/uploads\/2024\/11\/asimetrica.jpg\",\"width\":328,\"height\":72,\"caption\":\"Asimetrica\"},\"image\":{\"@id\":\"https:\/\/asimetrica.pe\/shop\/#\/schema\/logo\/image\/\"}}]}<\/script>\n<!-- \/ Yoast SEO plugin. -->","yoast_head_json":{"title":"Lutevid - Asimetrica","robots":{"index":"index","follow":"follow","max-snippet":"max-snippet:-1","max-image-preview":"max-image-preview:large","max-video-preview":"max-video-preview:-1"},"canonical":"https:\/\/asimetrica.pe\/shop\/product\/lutevid\/","og_locale":"es_ES","og_type":"article","og_title":"Lutevid - Asimetrica","og_description":"Lutevid son c\u00e1psulas dise\u00f1adas para restaurar la visi\u00f3n y combatir problemas oculares como la sequedad y el enrojecimiento. Este suplemento natural es una soluci\u00f3n eficaz y segura para quienes desean mejorar su salud visual y deshacerse de las gafas.","og_url":"https:\/\/asimetrica.pe\/shop\/product\/lutevid\/","og_site_name":"Asimetrica","article_modified_time":"2025-04-06T11:48:57+00:00","og_image":[{"width":260,"height":340,"url":"http:\/\/asimetrica.pe\/shop\/wp-content\/uploads\/2024\/09\/Lutevid.jpg","type":"image\/jpeg"}],"twitter_card":"summary_large_image","twitter_misc":{"Tiempo de lectura":"5 minutos"},"schema":{"@context":"https:\/\/schema.org","@graph":[{"@type":"WebPage","@id":"https:\/\/asimetrica.pe\/shop\/product\/lutevid\/","url":"https:\/\/asimetrica.pe\/shop\/product\/lutevid\/","name":"Lutevid - Asimetrica","isPartOf":{"@id":"https:\/\/asimetrica.pe\/shop\/#website"},"primaryImageOfPage":{"@id":"https:\/\/asimetrica.pe\/shop\/product\/lutevid\/#primaryimage"},"image":{"@id":"https:\/\/asimetrica.pe\/shop\/product\/lutevid\/#primaryimage"},"thumbnailUrl":"https:\/\/asimetrica.pe\/shop\/wp-content\/uploads\/2024\/09\/Lutevid.jpg","datePublished":"2024-09-25T05:51:29+00:00","dateModified":"2025-04-06T11:48:57+00:00","breadcrumb":{"@id":"https:\/\/asimetrica.pe\/shop\/product\/lutevid\/#breadcrumb"},"inLanguage":"es","potentialAction":[{"@type":"ReadAction","target":["https:\/\/asimetrica.pe\/shop\/product\/lutevid\/"]}]},{"@type":"ImageObject","inLanguage":"es","@id":"https:\/\/asimetrica.pe\/shop\/product\/lutevid\/#primaryimage","url":"https:\/\/asimetrica.pe\/shop\/wp-content\/uploads\/2024\/09\/Lutevid.jpg","contentUrl":"https:\/\/asimetrica.pe\/shop\/wp-content\/uploads\/2024\/09\/Lutevid.jpg","width":260,"height":340},{"@type":"BreadcrumbList","@id":"https:\/\/asimetrica.pe\/shop\/product\/lutevid\/#breadcrumb","itemListElement":[{"@type":"ListItem","position":1,"name":"Home","item":"https:\/\/asimetrica.pe\/shop\/"},{"@type":"ListItem","position":2,"name":"Tienda","item":"https:\/\/asimetrica.pe\/shop\/"},{"@type":"ListItem","position":3,"name":"Lutevid"}]},{"@type":"WebSite","@id":"https:\/\/asimetrica.pe\/shop\/#website","url":"https:\/\/asimetrica.pe\/shop\/","name":"Asimetrica","description":"Shop","publisher":{"@id":"https:\/\/asimetrica.pe\/shop\/#organization"},"potentialAction":[{"@type":"SearchAction","target":{"@type":"EntryPoint","urlTemplate":"https:\/\/asimetrica.pe\/shop\/?s={search_term_string}"},"query-input":{"@type":"PropertyValueSpecification","valueRequired":true,"valueName":"search_term_string"}}],"inLanguage":"es"},{"@type":"Organization","@id":"https:\/\/asimetrica.pe\/shop\/#organization","name":"Asimetrica","url":"https:\/\/asimetrica.pe\/shop\/","logo":{"@type":"ImageObject","inLanguage":"es","@id":"https:\/\/asimetrica.pe\/shop\/#\/schema\/logo\/image\/","url":"https:\/\/asimetrica.pe\/shop\/wp-content\/uploads\/2024\/11\/asimetrica.jpg","contentUrl":"https:\/\/asimetrica.pe\/shop\/wp-content\/uploads\/2024\/11\/asimetrica.jpg","width":328,"height":72,"caption":"Asimetrica"},"image":{"@id":"https:\/\/asimetrica.pe\/shop\/#\/schema\/logo\/image\/"}}]}},"_links":{"self":[{"href":"https:\/\/asimetrica.pe\/shop\/wp-json\/wp\/v2\/product\/41"}],"collection":[{"href":"https:\/\/asimetrica.pe\/shop\/wp-json\/wp\/v2\/product"}],"about":[{"href":"https:\/\/asimetrica.pe\/shop\/wp-json\/wp\/v2\/types\/product"}],"replies":[{"embeddable":true,"href":"https:\/\/asimetrica.pe\/shop\/wp-json\/wp\/v2\/comments?post=41"}],"wp:featuredmedia":[{"embeddable":true,"href":"https:\/\/asimetrica.pe\/shop\/wp-json\/wp\/v2\/media\/20"}],"wp:attachment":[{"href":"https:\/\/asimetrica.pe\/shop\/wp-json\/wp\/v2\/media?parent=41"}],"wp:term":[{"taxonomy":"product_cat","embeddable":true,"href":"https:\/\/asimetrica.pe\/shop\/wp-json\/wp\/v2\/product_cat?post=41"},{"taxonomy":"product_tag","embeddable":true,"href":"https:\/\/asimetrica.pe\/shop\/wp-json\/wp\/v2\/product_tag?post=41"}],"curies":[{"name":"wp","href":"https:\/\/api.w.org\/{rel}","templated":true}]}}