{"id":40,"date":"2024-09-25T07:49:40","date_gmt":"2024-09-25T05:49:40","guid":{"rendered":"https:\/\/asimetrica.pe\/shop\/?post_type=product&#038;p=40"},"modified":"2025-03-23T02:54:53","modified_gmt":"2025-03-23T01:54:53","slug":"oxys","status":"publish","type":"product","link":"https:\/\/asimetrica.pe\/shop\/product\/oxys\/","title":{"rendered":"Oxys"},"content":{"rendered":"<table>\n<tbody>\n<tr>\n<td>Sitio web<\/td>\n<td>Oxys.es<\/td>\n<\/tr>\n<tr>\n<td>Acci\u00f3n<\/td>\n<td>\u2714 act\u00faa sobre todo tipo de dermis, independientemente de la edad;<br \/>\n\u2714 exfolia suavemente la epidermis;<br \/>\n\u2714 restaura el hidroequilibrio;<br \/>\n\u2714 regula el funcionamiento de las gl\u00e1ndulas seb\u00e1ceas.<\/td>\n<\/tr>\n<tr>\n<td>Componentes<\/td>\n<td>\u2714 una pi\u00f1a;<br \/>\n\u2714 mora;<br \/>\n\u2714 hidrosol de astas de ciervo.<\/td>\n<\/tr>\n<tr>\n<td>Instrucciones de uso<\/td>\n<td>\u2714 Utilice la crema inmediatamente despu\u00e9s de abrirla.<br \/>\n\u2714 Abrir la crema y pulverizar sobre rostro y escote.<br \/>\n\u2714 Para obtener el m\u00e1ximo impacto, deje la sustancia sobre la piel durante 10 minutos.<br \/>\n\u2714 Curso m\u00ednimo 1 semana.<\/td>\n<\/tr>\n<tr>\n<td>Volumen<\/td>\n<td>65 ml<\/td>\n<\/tr>\n<tr>\n<td>Precio<\/td>\n<td>\ud83d\uded1 780 MXN<\/td>\n<\/tr>\n<tr>\n<td>Entrega<\/td>\n<td>1-3 d\u00edas<\/td>\n<\/tr>\n<\/tbody>\n<\/table>\n<h2><b>Oxys antiarrugas: \u00a1un f\u00e1rmaco \u00fanico para cualquier tipo de piel!<\/b><\/h2>\n<p><img loading=\"lazy\" decoding=\"async\" class=\"aligncenter size-full wp-image-37\" src=\"http:\/\/asimetrica.pe\/shop\/wp-content\/uploads\/2024\/09\/Oxys-5.jpg\" alt=\"\" width=\"500\" height=\"371\" srcset=\"https:\/\/asimetrica.pe\/shop\/wp-content\/uploads\/2024\/09\/Oxys-5.jpg 500w, https:\/\/asimetrica.pe\/shop\/wp-content\/uploads\/2024\/09\/Oxys-5-300x223.jpg 300w\" sizes=\"(max-width: 500px) 100vw, 500px\" \/><\/p>\n<p>La contaminaci\u00f3n del aire, las emisiones nocivas de los autom\u00f3viles o las industrias qu\u00edmicas y los carcin\u00f3genos son lo que tu piel encuentra todos los d\u00edas. Como resultado, a los 25-30 a\u00f1os pareces de 50 (arrugas, canas, opacidad, flacidez, dolor). Para que sirve Oxys: una composici\u00f3n que llena la piel de ox\u00edgeno, inicia los procesos de regeneraci\u00f3n y crecimiento, devuelve la juventud sin cirug\u00eda pl\u00e1stica ni inyecciones de Botox. \u00a1Recuperar tu belleza es m\u00e1s f\u00e1cil de lo que pensabas!<\/p>\n<p>\u00bfA qui\u00e9n se recomienda comprar Oxys? El producto se puede utilizar para cuidar la piel seca y sensible; para la prevenci\u00f3n de cambios en la dermis relacionados con la edad; para restauraci\u00f3n, nutrici\u00f3n y rejuvenecimiento. 1 paquete te sustituir\u00e1 por 10 tubos de mascarillas, cremas, geles, espumas y otras composiciones. La sustancia debe aplicarse seg\u00fan las instrucciones del fabricante para evitar el riesgo de reacciones y trastornos al\u00e9rgicos.<\/p>\n<h2><b>\u00bfQu\u00e9 problemas enfrentan las mujeres mayores de 35 a\u00f1os?<\/b><\/h2>\n<ul>\n<li aria-level=\"1\">bolsas y hematomas debajo de los ojos que no se pueden cubrir con base, polvos u otros \u201cdecorativos\u201d;<\/li>\n<li aria-level=\"1\">la tez ha cambiado y se ha apagado, y la piel se ha vuelto seca y tirante (a pesar de los productos de restauraci\u00f3n y cuidado);<\/li>\n<li aria-level=\"1\">las arrugas en el \u00e1rea de los ojos y los labios se han vuelto pronunciadas y notorias;<\/li>\n<li aria-level=\"1\">tu cara \u201cdelata\u201d tu edad, pero tienes muchas ganas de ser joven y atractiva;<\/li>\n<li aria-level=\"1\">la ros\u00e1cea, los puntos negros, los rastros de acn\u00e9, las ara\u00f1as vasculares te privan de atractivo;<\/li>\n<li aria-level=\"1\">la forma ha perdido su claridad, el \u00f3valo se ha vuelto \u201cfl\u00e1cido\u201d, ha aparecido una papada;<\/li>\n<li aria-level=\"1\">los cosm\u00e9ticos (decorativos o para el cuidado de la piel) provocan reacciones al\u00e9rgicas y enrojecimiento;<\/li>\n<li aria-level=\"1\">el tono de la piel ha desaparecido, es imposible deshacerse de la sensaci\u00f3n de sequedad.<\/li>\n<\/ul>\n<p>Oxys es una crema que aporta a la dermis m\u00e1s de 50 microelementos naturales (col\u00e1geno, elastina, vitaminas A, B, C y otras). Tu piel se restaura desde el interior, volvi\u00e9ndose joven y atractiva.<\/p>\n<h2><b>\u00bfC\u00f3mo recuperar la juventud en casa?<\/b><\/h2>\n<ol>\n<li aria-level=\"1\"><b>Haga mascarillas con pepinos<\/b>, crema agria, cebolla, pl\u00e1tano, manzanilla y menta. El efecto de tales procedimientos es cuestionable: despu\u00e9s de 2 a 3 horas es necesario someterse a otro y luego a otro y otro. Todo apesta, se esparce, se agrieta. Es posible que tenga una reacci\u00f3n al\u00e9rgica a ciertos componentes.<\/li>\n<li aria-level=\"1\"><b>Masajea la piel.<\/b> Estimula el flujo sangu\u00edneo a los tejidos superficiales, pero esto es in\u00fatil si no hay microelementos que necesita la dermis.<\/li>\n<\/ol>\n<p>La cirug\u00eda pl\u00e1stica y las inyecciones de Botox son caras. Paga mucho dinero, pero al mismo tiempo corre el riesgo de sufrir rechazo de tejidos, reacciones al\u00e9rgicas, hematomas e hinchaz\u00f3n.<\/p>\n<p>La composici\u00f3n Oxys se selecciona sobre la base de microelementos naturales (se utiliza una f\u00f3rmula de efectos sin\u00e9rgicos), cuya esencia es mejorar mutuamente la eficacia de los componentes.<\/p>\n<h2><b>\u00bfQu\u00e9 es la crema Oxys?<\/b><\/h2>\n<p><img loading=\"lazy\" decoding=\"async\" class=\"aligncenter size-full wp-image-36\" src=\"http:\/\/asimetrica.pe\/shop\/wp-content\/uploads\/2024\/09\/Oxys-4.jpg\" alt=\"\" width=\"500\" height=\"349\" srcset=\"https:\/\/asimetrica.pe\/shop\/wp-content\/uploads\/2024\/09\/Oxys-4.jpg 500w, https:\/\/asimetrica.pe\/shop\/wp-content\/uploads\/2024\/09\/Oxys-4-300x209.jpg 300w\" sizes=\"(max-width: 500px) 100vw, 500px\" \/><\/p>\n<p>La piel de una mujer envejece r\u00e1pidamente, esto se nota especialmente a partir de los 35 a\u00f1os. No son s\u00f3lo las arrugas las que se a\u00f1aden. El rostro se vuelve fl\u00e1cido, aparece papada, rastros de acn\u00e9, manchas de la edad inflamadas, granos y pecas.<\/p>\n<p>Utilizar este nuevo producto te permitir\u00e1, en tan solo un mes, lucir tan viejo como te sientes o te gustar\u00eda sentirte. Y todo ello es econ\u00f3mico, sin alergias ni irritaciones, suave y confortable.<\/p>\n<h2><b>\u00bfCu\u00e1les son los beneficios del f\u00e1rmaco antienvejecimiento Oxys para las mujeres es bueno o malo?<\/b><\/h2>\n<p>El producto natural Oxys resultados reales tiene muchas ventajas y est\u00e1 a la vanguardia entre los cosm\u00e9ticos para el cuidado de la piel de alta calidad:<\/p>\n<ul>\n<li aria-level=\"1\">act\u00faa sobre todo tipo de dermis, independientemente de la edad;<\/li>\n<li aria-level=\"1\">exfolia suavemente la epidermis;<\/li>\n<li aria-level=\"1\">restaura el hidroequilibrio;<\/li>\n<li aria-level=\"1\">regula el funcionamiento de las gl\u00e1ndulas seb\u00e1ceas;<\/li>\n<li aria-level=\"1\">elimina erupciones y puntos negros;<\/li>\n<li aria-level=\"1\">borra las arrugas finas y profundas del rostro.<\/li>\n<\/ul>\n<p>Cualquier persona con un salario medio puede permitirse adquirir un producto innovador Oxys. Este es un excelente regalo para una ni\u00f1a que quiere mantener su juventud y mejorar su apariencia, as\u00ed como para una mujer madura y tranquila que sue\u00f1a con verse entre 10 y 15 a\u00f1os m\u00e1s joven.<\/p>\n<h2><b>Principio de funcionamiento Oxys<\/b><\/h2>\n<p><img loading=\"lazy\" decoding=\"async\" class=\"aligncenter size-full wp-image-35\" src=\"http:\/\/asimetrica.pe\/shop\/wp-content\/uploads\/2024\/09\/Oxys-3.jpg\" alt=\"\" width=\"500\" height=\"335\" srcset=\"https:\/\/asimetrica.pe\/shop\/wp-content\/uploads\/2024\/09\/Oxys-3.jpg 500w, https:\/\/asimetrica.pe\/shop\/wp-content\/uploads\/2024\/09\/Oxys-3-300x201.jpg 300w\" sizes=\"(max-width: 500px) 100vw, 500px\" \/><\/p>\n<p>Para obtener resultados de uso del 100%, debe completar 4 cursos completos que duren 7 d\u00edas.<\/p>\n<p>La f\u00f3rmula del medicamento Oxys para las arrugas combina ox\u00edgeno activo, jugo de aloe vera, extractos de plantas y un extracto de astas de ciervo. Al interactuar entre s\u00ed, aumenta la eficacia de cada sustancia.<\/p>\n<p>Los compuestos vegetales penetran en todas las capas de la piel, llenando las c\u00e9lulas de ox\u00edgeno y humedad. Gracias al aumento de la respiraci\u00f3n celular, se mejoran el intercambio de gases, la circulaci\u00f3n sangu\u00ednea y el proceso de divisi\u00f3n. Los tejidos da\u00f1ados se regeneran r\u00e1pidamente, las c\u00e9lulas reciben suficiente nutrici\u00f3n y vitamina.<\/p>\n<p>El uso del multicomplejo Oxys durante 1 mes garantiza la eliminaci\u00f3n de las arrugas y la restauraci\u00f3n de la elasticidad de la piel.<\/p>\n<p>Las revisiones reales de Oxys para el rejuvenecimiento de la piel del rostro indican que los primeros resultados se notan despu\u00e9s de unos pocos usos. La tez mejora, la piel se siente suave y tonificada. Los c\u00edrculos oscuros debajo de los ojos desaparecen, la mirada se vuelve abierta y clara.<\/p>\n<h2><b>Resultados de ensayos cl\u00ednicos de producto antiarrugas Oxys y como se aplica<\/b><\/h2>\n<p>La mujer utiliz\u00f3 Oxys como se usa el durante 4 semanas, tras lo cual evalu\u00f3 el resultado. Los participantes notaron que las arrugas se redujeron notablemente y no hubo tirantez ni sequedad. La tez se volvi\u00f3 notablemente m\u00e1s clara ya entre los 5 y 7 d\u00edas de uso.<\/p>\n<p>M\u00e1s del 50% de los sujetos reportan eliminaci\u00f3n de ojeras y bolsas debajo de los ojos. Todas las mujeres notaron un aumento de firmeza y elasticidad.<\/p>\n<p>Despu\u00e9s de las pruebas, todos los participantes recomendaron a sus amigos comprar Oxys para los puntos negros y las arrugas.<\/p>\n<h2><b>Qu\u00e9 se incluye en la crema \u00fanica Oxys<\/b><\/h2>\n<p><img loading=\"lazy\" decoding=\"async\" class=\"aligncenter size-full wp-image-34\" src=\"http:\/\/asimetrica.pe\/shop\/wp-content\/uploads\/2024\/09\/Oxys-2.jpg\" alt=\"\" width=\"394\" height=\"537\" srcset=\"https:\/\/asimetrica.pe\/shop\/wp-content\/uploads\/2024\/09\/Oxys-2.jpg 394w, https:\/\/asimetrica.pe\/shop\/wp-content\/uploads\/2024\/09\/Oxys-2-220x300.jpg 220w\" sizes=\"(max-width: 394px) 100vw, 394px\" \/><\/p>\n<p>La asombrosa f\u00f3rmula del producto antienvejecimiento Oxys se basa exclusivamente en ingredientes seguros y naturales:<\/p>\n<ol>\n<li aria-level=\"1\"><b>pi\u00f1a: <\/b>rica en vitaminas y sales minerales necesarias para el funcionamiento normal de la epidermis;<\/li>\n<li aria-level=\"1\"><b>morera:<\/b> protege de la radiaci\u00f3n ultravioleta, enriquece los tejidos con antioxidantes y \u00e1cidos org\u00e1nicos;<\/li>\n<li aria-level=\"1\"><b>el hidrolato <\/b>de asta de ciervo es una fuente de \u00e1cido hialur\u00f3nico, que rejuvenece el rostro y mantiene la elasticidad y sedosidad de la piel.<\/li>\n<\/ol>\n<p>Los extractos y extractos \u00fatiles no provocan alergias ni otros efectos secundarios y ayudan a devolver un aspecto saludable a cualquier tipo de dermis.<\/p>\n<h2><b>\u00bfC\u00f3mo utilizar la emulsi\u00f3n de ox\u00edgeno Oxys?<\/b><\/h2>\n<p>Utilice crema Oxys inmediatamente despu\u00e9s de abrirla para asegurarse de que los componentes no pierdan su eficacia. Antes de comenzar el procedimiento, limpie a fondo la piel de suciedad y cosm\u00e9ticos decorativos.<\/p>\n<p>Abrir la crema Oxys confiable y aplicar con un spray sobre rostro y escote. Para obtener el m\u00e1ximo impacto, deje la sustancia sobre la piel durante 10 minutos. El Oxys restante se frota sobre la piel para obtener mejores resultados. El curso m\u00ednimo de procedimientos de rejuvenecimiento es de 1 semana. Los expertos en belleza recomiendan realizar 4 cursos.<\/p>\n<h2><b>Contraindicaciones de uso<\/b><\/h2>\n<p>Intolerancia individual a los componentes.<\/p>\n<h2><b>Posibles efectos secundarios<\/b><\/h2>\n<p>Si se siguen, las instrucciones no se instalan.<\/p>\n<h2><b>Uso durante el embarazo<\/b><\/h2>\n<p>Permitido.<\/p>\n<h2><b>Condiciones y plazos de almacenamiento<\/b><\/h2>\n<p>Guarde el embalaje cerrado a una temperatura no superior a 25 grados en un lugar protegido de la luz solar intensa. Lea la fecha de vencimiento en el paquete.<\/p>\n<h2><b>Rese\u00f1as de m\u00e9dicos sobre el complejo moderno Oxys<\/b><\/h2>\n<p><img loading=\"lazy\" decoding=\"async\" class=\"aligncenter size-full wp-image-33\" src=\"http:\/\/asimetrica.pe\/shop\/wp-content\/uploads\/2024\/09\/Oxys-1.jpg\" alt=\"\" width=\"500\" height=\"409\" srcset=\"https:\/\/asimetrica.pe\/shop\/wp-content\/uploads\/2024\/09\/Oxys-1.jpg 500w, https:\/\/asimetrica.pe\/shop\/wp-content\/uploads\/2024\/09\/Oxys-1-300x245.jpg 300w\" sizes=\"(max-width: 500px) 100vw, 500px\" \/><\/p>\n<blockquote><p><b>S\u00e1nchez Hanny<\/b> &#8211; dermat\u00f3logo<\/p>\n<p>Muchos de mis pacientes se esfuerzan por pasar por el bistur\u00ed del cirujano porque no tienen la oportunidad de rejuvenecer su rostro de otras maneras. Visitan a los cosmet\u00f3logos, hacen todo tipo de peelings, pero es en vano. Recomiendo que no gasten dinero en liftings quir\u00fargicos, sino que compren una botella de un concentrado \u00fanico. Nutre cada c\u00e9lula con ingredientes activos, restablece la producci\u00f3n de c\u00e9lulas sanas y previene el marchitamiento prematuro de la dermis.<\/p><\/blockquote>\n<h2><b>Opiniones de clientes que eligieron la crema Oxys para rejuvenecer<\/b><\/h2>\n<p>&nbsp;<\/p>\n<blockquote><p><b>Vanessa<\/b><\/p>\n<p>Bajo mis ojos apareci\u00f3 la llamada \u201cpiel de gallina\u201d. Estos peque\u00f1os bultos me irritaron terriblemente. El dermat\u00f3logo dijo que esto es resultado de cambios relacionados con la edad y recomend\u00f3 nutrir la piel con crema Oxys farmacia del ahorro. Ped\u00ed este producto econ\u00f3mico en l\u00ednea y no me decepcion\u00f3. Elimin\u00f3 estos peque\u00f1os defectos de apariencia en solo una semana. \u00a1Ahora la piel del \u00e1rea de los ojos est\u00e1 suave y tersa!<\/p><\/blockquote>\n<p>&nbsp;<\/p>\n<blockquote><p><b>Michelle<\/b><\/p>\n<p>El rostro ovalado hinchado y las arrugas profundas aparecieron hace 5 a\u00f1os. Ning\u00fan procedimiento cosm\u00e9tico ayud\u00f3 a eliminar este horror. Un amigo me recomend\u00f3 un nuevo remedio para el envejecimiento de la piel Oxys donde lo puedo conseguir. Le ayud\u00f3 a quitarse la papada y a m\u00ed me ayud\u00f3 a suavizar las arrugas y tensar la piel. Ahora vamos los dos al parque y los j\u00f3venes nos hacen caso.<\/p><\/blockquote>\n<p>&nbsp;<\/p>\n<blockquote><p><b>Teresa<\/b><\/p>\n<p>Di a luz a un ni\u00f1o tarde y despu\u00e9s tuve una terrible deficiencia de vitaminas. Mi cara se puso gris y aparecieron arrugas en mi frente y debajo de mis ojos. En Internet no solo ped\u00ed vitaminas saludables, sino tambi\u00e9n una crema \u00fanica donde comprar Oxys. \u00c9l restaur\u00f3 mi rostro y unific\u00f3 su tono.<\/p><\/blockquote>\n<p>&nbsp;<\/p>\n<blockquote><p><b>Mitzel<\/b><\/p>\n<p>A mi edad, las ni\u00f1as se cuidan con costosos productos y procedimientos cosm\u00e9ticos. No tengo esa oportunidad financiera, pero parezco mucho m\u00e1s joven. Mi secreto es un complejo con vitaminas Oxys precio farmacia del ahorro. Ahora se lo recomiendo a todas las damas que conozco y se lo regalo a familiares, porque no tiene restricciones de edad.<\/p><\/blockquote>\n<h2><b>\u00bfCu\u00e1l es el precio de Oxys y d\u00f3nde puedo comprar el producto original?<\/b><\/h2>\n<p>Puedes donde lo venden crema Oxys en la web oficial. Los pedidos se aceptan las 24 horas. La mercanc\u00eda se env\u00eda contra reembolso. La entrega demora de 1 a 3 d\u00edas.<\/p>\n<p>El fabricante suele realizar promociones en el sitio web, donde el precio farmacia similares Oxys se reduce varias veces. Esto permite a los clientes ahorrar dinero y comprar un producto de alta calidad.<\/p>\n<p>Las revisiones walmart Oxys publicadas en Internet confirman que las arrugas y pliegues pronunciados disminuyen durante el curso de la terapia. La piel se vuelve hidratada y suave.<\/p>\n","protected":false},"excerpt":{"rendered":"<p>Oxys es un tratamiento innovador que llena la piel de ox\u00edgeno, ayudando a regenerar y rejuvenecer sin necesidad de cirug\u00eda o Botox. Ideal para pieles secas y sensibles, su f\u00f3rmula combate los signos del envejecimiento, devolviendo una apariencia fresca y juvenil.<\/p>\n","protected":false},"featured_media":32,"comment_status":"open","ping_status":"closed","template":"","meta":[],"product_cat":[15],"product_tag":[],"yoast_head":"<!-- This site is optimized with the Yoast SEO plugin v23.9 - https:\/\/yoast.com\/wordpress\/plugins\/seo\/ -->\n<title>Oxys - Asimetrica<\/title>\n<meta name=\"robots\" content=\"index, follow, max-snippet:-1, max-image-preview:large, max-video-preview:-1\" \/>\n<link rel=\"canonical\" href=\"https:\/\/asimetrica.pe\/shop\/product\/oxys\/\" \/>\n<meta property=\"og:locale\" content=\"es_ES\" \/>\n<meta property=\"og:type\" content=\"article\" \/>\n<meta property=\"og:title\" content=\"Oxys - Asimetrica\" \/>\n<meta property=\"og:description\" content=\"Oxys es un tratamiento innovador que llena la piel de ox\u00edgeno, ayudando a regenerar y rejuvenecer sin necesidad de cirug\u00eda o Botox. Ideal para pieles secas y sensibles, su f\u00f3rmula combate los signos del envejecimiento, devolviendo una apariencia fresca y juvenil.\" \/>\n<meta property=\"og:url\" content=\"https:\/\/asimetrica.pe\/shop\/product\/oxys\/\" \/>\n<meta property=\"og:site_name\" content=\"Asimetrica\" \/>\n<meta property=\"article:modified_time\" content=\"2025-03-23T01:54:53+00:00\" \/>\n<meta property=\"og:image\" content=\"http:\/\/asimetrica.pe\/shop\/wp-content\/uploads\/2024\/09\/Oxys.jpg\" \/>\n\t<meta property=\"og:image:width\" content=\"289\" \/>\n\t<meta property=\"og:image:height\" content=\"300\" \/>\n\t<meta property=\"og:image:type\" content=\"image\/jpeg\" \/>\n<meta name=\"twitter:card\" content=\"summary_large_image\" \/>\n<meta name=\"twitter:label1\" content=\"Tiempo de lectura\" \/>\n\t<meta name=\"twitter:data1\" content=\"10 minutos\" \/>\n<script type=\"application\/ld+json\" class=\"yoast-schema-graph\">{\"@context\":\"https:\/\/schema.org\",\"@graph\":[{\"@type\":\"WebPage\",\"@id\":\"https:\/\/asimetrica.pe\/shop\/product\/oxys\/\",\"url\":\"https:\/\/asimetrica.pe\/shop\/product\/oxys\/\",\"name\":\"Oxys - Asimetrica\",\"isPartOf\":{\"@id\":\"https:\/\/asimetrica.pe\/shop\/#website\"},\"primaryImageOfPage\":{\"@id\":\"https:\/\/asimetrica.pe\/shop\/product\/oxys\/#primaryimage\"},\"image\":{\"@id\":\"https:\/\/asimetrica.pe\/shop\/product\/oxys\/#primaryimage\"},\"thumbnailUrl\":\"https:\/\/asimetrica.pe\/shop\/wp-content\/uploads\/2024\/09\/Oxys.jpg\",\"datePublished\":\"2024-09-25T05:49:40+00:00\",\"dateModified\":\"2025-03-23T01:54:53+00:00\",\"breadcrumb\":{\"@id\":\"https:\/\/asimetrica.pe\/shop\/product\/oxys\/#breadcrumb\"},\"inLanguage\":\"es\",\"potentialAction\":[{\"@type\":\"ReadAction\",\"target\":[\"https:\/\/asimetrica.pe\/shop\/product\/oxys\/\"]}]},{\"@type\":\"ImageObject\",\"inLanguage\":\"es\",\"@id\":\"https:\/\/asimetrica.pe\/shop\/product\/oxys\/#primaryimage\",\"url\":\"https:\/\/asimetrica.pe\/shop\/wp-content\/uploads\/2024\/09\/Oxys.jpg\",\"contentUrl\":\"https:\/\/asimetrica.pe\/shop\/wp-content\/uploads\/2024\/09\/Oxys.jpg\",\"width\":289,\"height\":300},{\"@type\":\"BreadcrumbList\",\"@id\":\"https:\/\/asimetrica.pe\/shop\/product\/oxys\/#breadcrumb\",\"itemListElement\":[{\"@type\":\"ListItem\",\"position\":1,\"name\":\"Home\",\"item\":\"https:\/\/asimetrica.pe\/shop\/\"},{\"@type\":\"ListItem\",\"position\":2,\"name\":\"Tienda\",\"item\":\"https:\/\/asimetrica.pe\/shop\/\"},{\"@type\":\"ListItem\",\"position\":3,\"name\":\"Oxys\"}]},{\"@type\":\"WebSite\",\"@id\":\"https:\/\/asimetrica.pe\/shop\/#website\",\"url\":\"https:\/\/asimetrica.pe\/shop\/\",\"name\":\"Asimetrica\",\"description\":\"Shop\",\"publisher\":{\"@id\":\"https:\/\/asimetrica.pe\/shop\/#organization\"},\"potentialAction\":[{\"@type\":\"SearchAction\",\"target\":{\"@type\":\"EntryPoint\",\"urlTemplate\":\"https:\/\/asimetrica.pe\/shop\/?s={search_term_string}\"},\"query-input\":{\"@type\":\"PropertyValueSpecification\",\"valueRequired\":true,\"valueName\":\"search_term_string\"}}],\"inLanguage\":\"es\"},{\"@type\":\"Organization\",\"@id\":\"https:\/\/asimetrica.pe\/shop\/#organization\",\"name\":\"Asimetrica\",\"url\":\"https:\/\/asimetrica.pe\/shop\/\",\"logo\":{\"@type\":\"ImageObject\",\"inLanguage\":\"es\",\"@id\":\"https:\/\/asimetrica.pe\/shop\/#\/schema\/logo\/image\/\",\"url\":\"https:\/\/asimetrica.pe\/shop\/wp-content\/uploads\/2024\/11\/asimetrica.jpg\",\"contentUrl\":\"https:\/\/asimetrica.pe\/shop\/wp-content\/uploads\/2024\/11\/asimetrica.jpg\",\"width\":328,\"height\":72,\"caption\":\"Asimetrica\"},\"image\":{\"@id\":\"https:\/\/asimetrica.pe\/shop\/#\/schema\/logo\/image\/\"}}]}<\/script>\n<!-- \/ Yoast SEO plugin. -->","yoast_head_json":{"title":"Oxys - Asimetrica","robots":{"index":"index","follow":"follow","max-snippet":"max-snippet:-1","max-image-preview":"max-image-preview:large","max-video-preview":"max-video-preview:-1"},"canonical":"https:\/\/asimetrica.pe\/shop\/product\/oxys\/","og_locale":"es_ES","og_type":"article","og_title":"Oxys - Asimetrica","og_description":"Oxys es un tratamiento innovador que llena la piel de ox\u00edgeno, ayudando a regenerar y rejuvenecer sin necesidad de cirug\u00eda o Botox. Ideal para pieles secas y sensibles, su f\u00f3rmula combate los signos del envejecimiento, devolviendo una apariencia fresca y juvenil.","og_url":"https:\/\/asimetrica.pe\/shop\/product\/oxys\/","og_site_name":"Asimetrica","article_modified_time":"2025-03-23T01:54:53+00:00","og_image":[{"width":289,"height":300,"url":"http:\/\/asimetrica.pe\/shop\/wp-content\/uploads\/2024\/09\/Oxys.jpg","type":"image\/jpeg"}],"twitter_card":"summary_large_image","twitter_misc":{"Tiempo de lectura":"10 minutos"},"schema":{"@context":"https:\/\/schema.org","@graph":[{"@type":"WebPage","@id":"https:\/\/asimetrica.pe\/shop\/product\/oxys\/","url":"https:\/\/asimetrica.pe\/shop\/product\/oxys\/","name":"Oxys - Asimetrica","isPartOf":{"@id":"https:\/\/asimetrica.pe\/shop\/#website"},"primaryImageOfPage":{"@id":"https:\/\/asimetrica.pe\/shop\/product\/oxys\/#primaryimage"},"image":{"@id":"https:\/\/asimetrica.pe\/shop\/product\/oxys\/#primaryimage"},"thumbnailUrl":"https:\/\/asimetrica.pe\/shop\/wp-content\/uploads\/2024\/09\/Oxys.jpg","datePublished":"2024-09-25T05:49:40+00:00","dateModified":"2025-03-23T01:54:53+00:00","breadcrumb":{"@id":"https:\/\/asimetrica.pe\/shop\/product\/oxys\/#breadcrumb"},"inLanguage":"es","potentialAction":[{"@type":"ReadAction","target":["https:\/\/asimetrica.pe\/shop\/product\/oxys\/"]}]},{"@type":"ImageObject","inLanguage":"es","@id":"https:\/\/asimetrica.pe\/shop\/product\/oxys\/#primaryimage","url":"https:\/\/asimetrica.pe\/shop\/wp-content\/uploads\/2024\/09\/Oxys.jpg","contentUrl":"https:\/\/asimetrica.pe\/shop\/wp-content\/uploads\/2024\/09\/Oxys.jpg","width":289,"height":300},{"@type":"BreadcrumbList","@id":"https:\/\/asimetrica.pe\/shop\/product\/oxys\/#breadcrumb","itemListElement":[{"@type":"ListItem","position":1,"name":"Home","item":"https:\/\/asimetrica.pe\/shop\/"},{"@type":"ListItem","position":2,"name":"Tienda","item":"https:\/\/asimetrica.pe\/shop\/"},{"@type":"ListItem","position":3,"name":"Oxys"}]},{"@type":"WebSite","@id":"https:\/\/asimetrica.pe\/shop\/#website","url":"https:\/\/asimetrica.pe\/shop\/","name":"Asimetrica","description":"Shop","publisher":{"@id":"https:\/\/asimetrica.pe\/shop\/#organization"},"potentialAction":[{"@type":"SearchAction","target":{"@type":"EntryPoint","urlTemplate":"https:\/\/asimetrica.pe\/shop\/?s={search_term_string}"},"query-input":{"@type":"PropertyValueSpecification","valueRequired":true,"valueName":"search_term_string"}}],"inLanguage":"es"},{"@type":"Organization","@id":"https:\/\/asimetrica.pe\/shop\/#organization","name":"Asimetrica","url":"https:\/\/asimetrica.pe\/shop\/","logo":{"@type":"ImageObject","inLanguage":"es","@id":"https:\/\/asimetrica.pe\/shop\/#\/schema\/logo\/image\/","url":"https:\/\/asimetrica.pe\/shop\/wp-content\/uploads\/2024\/11\/asimetrica.jpg","contentUrl":"https:\/\/asimetrica.pe\/shop\/wp-content\/uploads\/2024\/11\/asimetrica.jpg","width":328,"height":72,"caption":"Asimetrica"},"image":{"@id":"https:\/\/asimetrica.pe\/shop\/#\/schema\/logo\/image\/"}}]}},"_links":{"self":[{"href":"https:\/\/asimetrica.pe\/shop\/wp-json\/wp\/v2\/product\/40"}],"collection":[{"href":"https:\/\/asimetrica.pe\/shop\/wp-json\/wp\/v2\/product"}],"about":[{"href":"https:\/\/asimetrica.pe\/shop\/wp-json\/wp\/v2\/types\/product"}],"replies":[{"embeddable":true,"href":"https:\/\/asimetrica.pe\/shop\/wp-json\/wp\/v2\/comments?post=40"}],"wp:featuredmedia":[{"embeddable":true,"href":"https:\/\/asimetrica.pe\/shop\/wp-json\/wp\/v2\/media\/32"}],"wp:attachment":[{"href":"https:\/\/asimetrica.pe\/shop\/wp-json\/wp\/v2\/media?parent=40"}],"wp:term":[{"taxonomy":"product_cat","embeddable":true,"href":"https:\/\/asimetrica.pe\/shop\/wp-json\/wp\/v2\/product_cat?post=40"},{"taxonomy":"product_tag","embeddable":true,"href":"https:\/\/asimetrica.pe\/shop\/wp-json\/wp\/v2\/product_tag?post=40"}],"curies":[{"name":"wp","href":"https:\/\/api.w.org\/{rel}","templated":true}]}}