{"id":39,"date":"2024-09-25T07:47:09","date_gmt":"2024-09-25T05:47:09","guid":{"rendered":"https:\/\/asimetrica.pe\/shop\/?post_type=product&#038;p=39"},"modified":"2025-03-24T14:45:40","modified_gmt":"2025-03-24T13:45:40","slug":"idealica","status":"publish","type":"product","link":"https:\/\/asimetrica.pe\/shop\/product\/idealica\/","title":{"rendered":"Idealica"},"content":{"rendered":"<table>\n<tbody>\n<tr>\n<td>Sitio web<\/td>\n<td>Idealica.es<\/td>\n<\/tr>\n<tr>\n<td>Acci\u00f3n<\/td>\n<td>\u2714 Toda la f\u00f3rmula natural;<br \/>\n\u2714 Acelera activamente el metabolismo, acelerando la p\u00e9rdida de peso y la formaci\u00f3n del cuerpo;<br \/>\n\u2714 El producto da energ\u00eda y calma los antojos de az\u00facar.<\/td>\n<\/tr>\n<tr>\n<td>Componentes<\/td>\n<td>\u2714 Extracto de hoja de t\u00e9 verde Matcha;<br \/>\n\u2714 Extracto de taurina;<br \/>\n\u2714 Extracto de \u00e1cido c\u00edtrico.<\/td>\n<\/tr>\n<tr>\n<td>Instrucciones de uso<\/td>\n<td>\u2714 A\u00f1ade una cucharadita a 150 ml. Agua caliente.<br \/>\n\u2714 Remueve bien la mezcla hasta que se disuelva por completo.<\/td>\n<\/tr>\n<tr>\n<td>Volumen<\/td>\n<td>20 ml<\/td>\n<\/tr>\n<tr>\n<td>Precio<\/td>\n<td>\ud83d\uded1 780 MXN<\/td>\n<\/tr>\n<tr>\n<td>Entrega<\/td>\n<td>5 d\u00edas<\/td>\n<\/tr>\n<\/tbody>\n<\/table>\n<h2><b>Idealica: \u00a1el secreto para un cuerpo tonificado y un metabolismo m\u00e1s r\u00e1pido!<\/b><\/h2>\n<p><img loading=\"lazy\" decoding=\"async\" class=\"aligncenter size-full wp-image-15\" src=\"http:\/\/asimetrica.pe\/shop\/wp-content\/uploads\/2024\/09\/Idealica-1.jpg\" alt=\"\" width=\"500\" height=\"341\" srcset=\"https:\/\/asimetrica.pe\/shop\/wp-content\/uploads\/2024\/09\/Idealica-1.jpg 500w, https:\/\/asimetrica.pe\/shop\/wp-content\/uploads\/2024\/09\/Idealica-1-300x205.jpg 300w\" sizes=\"(max-width: 500px) 100vw, 500px\" \/><\/p>\n<p>Idealica es una bebida para adelgazar completamente natural. Su fabricante es una popular empresa de biocosm\u00e9ticos. Tambi\u00e9n es responsable de varios otros productos exitosos para perder y controlar el peso. La f\u00f3rmula se basa en una antigua receta ritual japonesa del t\u00e9 verde. Esta es una de las razones por las que recibe cr\u00edticas positivas en los comentarios y opiniones de los usuarios en los foros.<\/p>\n<p>La f\u00f3rmula totalmente natural para bajar de peso de para que sirve Idealica incluye tres ingredientes activos. Se trata de extractos de hojas de t\u00e9 verde Matcha, taurina y \u00e1cido c\u00edtrico (jugo de lim\u00f3n). \u00a1Pero eso no es todo! Un complejo japon\u00e9s especial para bajar de peso tambi\u00e9n est\u00e1 enriquecido con vitaminas y minerales. Fue creado seg\u00fan el ritual tradicional japon\u00e9s de la ceremonia del t\u00e9 con una historia milenaria. Era la bebida favorita de las dinast\u00edas imperiales.<\/p>\n<p>Los clientes informan que Idealica para controlar el peso es adecuado tanto para cuerpos masculinos como femeninos. Esto ayuda a ambos sexos a crear una silueta m\u00e1s elegante mientras mantienen plena energ\u00eda y forma f\u00edsica. Tambi\u00e9n ayuda a desarrollar masa muscular al acelerar el metabolismo.<\/p>\n<p>\u00bfC\u00f3mo comprar bebida adelgazante instant\u00e1nea Idealica a buen precio? \u00bfEl sitio web oficial ofrece descuentos promocionales regulares? \u00bfPuedo pagar mi pedido contra reembolso? \u00bfHay muchos estafadores y falsificaciones que se hacen pasar por t\u00e9 Idealica original en los portales comerciales? \u00bfMe ayudar\u00e1 esto a ponerme en forma sin renunciar a los dulces?<\/p>\n<p>\u00a1Descubra todo lo que necesita saber en la revisi\u00f3n Idealica a continuaci\u00f3n!<\/p>\n<h2><b>5 razones para beber matcha para bajar de peso<\/b><\/h2>\n<p>Matcha es un t\u00e9 verde japon\u00e9s de alta calidad que suele estar finamente molido. Se ha utilizado durante siglos, empezando por la siempre verde Camellia Sinensis. La historia de esta antigua bebida comenz\u00f3 hace m\u00e1s de 800 a\u00f1os, cuando el monje budista Eisai trajo el elixir de la vida. Fue la primera persona en plantar y cultivar Idealica en la Tierra del Sol Naciente: Jap\u00f3n. Traducido literalmente, \u00abMatch-cha\u00bb significa \u00abt\u00e9 en gotas\u00bb.<\/p>\n<p>Hoy en d\u00eda, el t\u00e9 verde se utiliza mucho en la cocina y en la medicina herbaria. Incluso toda la forma de vida se basa en esto. Se han escrito muchos libros sobre los beneficios del matcha para la buena figura y la salud. Tambi\u00e9n se sabe que Matcha mejora el tono corporal. Es ideal para personas que quieren perder peso de forma natural.<\/p>\n<p>Veamos los 5 principales beneficios del t\u00e9 Matcha para adelgazar:<\/p>\n<ol>\n<li aria-level=\"1\">Da energ\u00eda y mejora el rendimiento f\u00edsico;<\/li>\n<li aria-level=\"1\">Despeja la mente y ayuda al cerebro a funcionar mejor;<\/li>\n<li aria-level=\"1\">Formulado con poderosos antioxidantes para potenciar los procesos de desintoxicaci\u00f3n interna;<\/li>\n<li aria-level=\"1\">Ayuda activamente a conseguir una cintura fina y una figura tonificada;<\/li>\n<li aria-level=\"1\">Sacia eficazmente el hambre y el deseo de comer dulces.<\/li>\n<\/ol>\n<h2><b>\u00bfPor qu\u00e9 necesitas tomar Idealica gotas?<\/b><\/h2>\n<p><img loading=\"lazy\" decoding=\"async\" class=\"aligncenter size-full wp-image-16\" src=\"http:\/\/asimetrica.pe\/shop\/wp-content\/uploads\/2024\/09\/Idealica-2.jpg\" alt=\"\" width=\"500\" height=\"349\" srcset=\"https:\/\/asimetrica.pe\/shop\/wp-content\/uploads\/2024\/09\/Idealica-2.jpg 500w, https:\/\/asimetrica.pe\/shop\/wp-content\/uploads\/2024\/09\/Idealica-2-300x209.jpg 300w\" sizes=\"(max-width: 500px) 100vw, 500px\" \/><\/p>\n<p>Idealica es una bebida completamente natural para adelgazar. La f\u00f3rmula est\u00e1 dise\u00f1ada para proporcionar resultados duraderos de p\u00e9rdida de peso. El fabricante apuesta por ingredientes naturales con resultados probados. Se ha demostrado que el uso regular de Idealica es eficaz para perder peso. La bebida quemagrasas te aportar\u00e1 suficiente energ\u00eda, aunque suprime el apetito. El producto es apto para vegetarianos y veganos.<\/p>\n<p>Los ensayos cl\u00ednicos demuestran que la bebida Idealica funciona con una tasa de \u00e9xito superior al 95%. Con un uso regular, puedes perder hasta 10 kilogramos en un mes. Disponible desde hace m\u00e1s de un a\u00f1o en el mercado Idealica para adelgazar, bien aceptado y recomendado por nutricionistas.<\/p>\n<h2><b>Beneficios del gotas para adelgazar Idealica es bueno o malo<\/b><\/h2>\n<p>\u00bfCu\u00e1les son las principales ventajas de Idealica, resultados reales seg\u00fan opiniones, comentarios y opiniones de clientes en foros? Consulte la lista que hemos compilado a continuaci\u00f3n:<\/p>\n<ol>\n<li aria-level=\"1\">Una f\u00f3rmula totalmente natural de hojas de t\u00e9 verde matcha adecuada tanto para hombres como para mujeres;<\/li>\n<li aria-level=\"1\">Acelera activamente el metabolismo, acelerando la p\u00e9rdida de peso y la formaci\u00f3n del cuerpo;<\/li>\n<li aria-level=\"1\">No hay quejas sobre los efectos secundarios de tomar Idealica en los comentarios y opiniones de los clientes en los foros;<\/li>\n<li aria-level=\"1\">El producto da energ\u00eda, calma los antojos de az\u00facar y mejora el estado de \u00e1nimo;<\/li>\n<li aria-level=\"1\">La f\u00f3rmula original se puede adquirir a buen precio.<\/li>\n<\/ol>\n<h2><b>\u00bfC\u00f3mo preparar una bebida y tomar Idealica y como se aplica?<\/b><\/h2>\n<p>Un producto org\u00e1nico para moldear una cintura fina y una silueta elegante te ayudar\u00e1 a perder peso de forma eficaz. Quienes van al gimnasio deben saber que tambi\u00e9n ayuda a desarrollar masa muscular. Idealica es \u00fatil tanto para hombres como para mujeres que quieren ponerse en forma de forma natural. S\u00f3lo deben recordar seguir las instrucciones de uso incluidas como gu\u00eda de usuario con el embalaje del producto. Contiene la dosis exacta de un producto para el control de peso y ayudar\u00e1 a evitar contraindicaciones.<\/p>\n<p>Instrucciones de uso Idealica:<\/p>\n<ol>\n<li aria-level=\"1\">A\u00f1ade una cucharadita como se usa el Idealica a 150 ml. Agua caliente.<\/li>\n<li aria-level=\"1\">Remueve bien la mezcla hasta que se disuelva por completo.<\/li>\n<\/ol>\n<p>\u00a1Disfruta del sabor \u00fanico de la bebida adelgazante esmeralda todos los d\u00edas durante todo un mes calendario, completando un curso completo!<\/p>\n<h2><b>Ingredientes Idealica<\/b><\/h2>\n<p><img loading=\"lazy\" decoding=\"async\" class=\"aligncenter size-full wp-image-17\" src=\"http:\/\/asimetrica.pe\/shop\/wp-content\/uploads\/2024\/09\/Idealica-3.jpg\" alt=\"\" width=\"500\" height=\"378\" srcset=\"https:\/\/asimetrica.pe\/shop\/wp-content\/uploads\/2024\/09\/Idealica-3.jpg 500w, https:\/\/asimetrica.pe\/shop\/wp-content\/uploads\/2024\/09\/Idealica-3-300x227.jpg 300w\" sizes=\"(max-width: 500px) 100vw, 500px\" \/><\/p>\n<p>Los ingredientes de la bebida adelgazante instant\u00e1nea Idealica son de origen variado y completamente natural. Como ya fue mencionado Los alces son extractos activos de hierbas y plantas que forman una silueta esbelta y tonificada. Contienen un complejo de vitaminas y antioxidantes para estimular la inmunidad y dar energ\u00eda.<\/p>\n<p>Aqu\u00ed est\u00e1n los ingredientes principales Idealica:<\/p>\n<ol>\n<li aria-level=\"1\"><b>Extracto de hoja de t\u00e9 verde Matcha:<\/b> Satura el cuerpo de energ\u00eda, aliviando la tensi\u00f3n nerviosa y creando una sensaci\u00f3n de armon\u00eda interior. Tambi\u00e9n se sabe que este tipo de t\u00e9 suprime eficazmente los antojos de az\u00facar. Ayuda a una persona a desarrollar masa muscular.<\/li>\n<li aria-level=\"1\"><b>Extracto de taurina: <\/b>act\u00faa de manera similar al caf\u00e9. Aclara la mente y te ayuda a concentrarte y trabajar mejor.<\/li>\n<li aria-level=\"1\"><b>Extracto de \u00e1cido c\u00edtrico<\/b> (jugo de lim\u00f3n): se sabe que los limones son excelentes para estimular la inmunidad y desintoxicar el cuerpo.<\/li>\n<\/ol>\n<h2><b>\u00bfCu\u00e1les son las contraindicaciones para el uso de Idealica?<\/b><\/h2>\n<p>La bebida adelgazante Idealica no tiene contraindicaciones. El uso regular no produce efectos secundarios desagradables. Sin embargo, tenga en cuenta que no es al\u00e9rgico a los ingredientes, aunque esto es poco probable. Las opiniones de los usuarios no mencionan quejas sobre la recepci\u00f3n.<\/p>\n<h2><b>\u00bfQu\u00e9 opiniones comparten los compradores en los foros sobre Idealica?<\/b><\/h2>\n<p>Hemos creado un enlace detallado a las rese\u00f1as Idealica actuales en los comentarios de los clientes y en las rese\u00f1as en l\u00ednea. Los foros sobre dieta y nutrici\u00f3n est\u00e1n llenos de cr\u00edticas favorables sobre c\u00f3mo funciona el producto. Son compartidos por hombres y mujeres que toman Idealica funciona de manera efectiva para acelerar el metabolismo y desarrollar masa muscular. Tambi\u00e9n hay nutricionistas profesionales que recomiendan habitualmente el t\u00e9 verde a sus clientes para controlar el peso.<\/p>\n<p>Las revisiones tanto de los expertos de la industria como de aquellos que han utilizado este producto con \u00e9xito son consistentes. Idealica act\u00faa sin da\u00f1ar el organismo y es eficaz desde la primera dosis. Las revisiones hablan de un producto altamente eficaz que carece de efecto o remisi\u00f3n de los kilos perdidos.<\/p>\n<p>El fabricante afirma que la bebida para tonificar el cuerpo se basa en la milenaria tradici\u00f3n japonesa de la ceremonia del t\u00e9. Incluye poes\u00eda y m\u00fasica que imita los sonidos de la naturaleza, como el sonido de los r\u00edos que fluyen por el bosque. Esto tambi\u00e9n explica por qu\u00e9 el producto tiene tantas cr\u00edticas positivas en los foros. Idealica confiable recibe comentarios positivos en los comentarios y opiniones de los clientes debido al buen efecto de la f\u00f3rmula. No hay quejas de efectos secundarios o reacciones al\u00e9rgicas adversas.<\/p>\n<h2><b>Opiniones de compradores de gotas Idealica<\/b><\/h2>\n<p><img loading=\"lazy\" decoding=\"async\" class=\"aligncenter size-full wp-image-18\" src=\"http:\/\/asimetrica.pe\/shop\/wp-content\/uploads\/2024\/09\/Idealica-4.jpg\" alt=\"\" width=\"500\" height=\"448\" srcset=\"https:\/\/asimetrica.pe\/shop\/wp-content\/uploads\/2024\/09\/Idealica-4.jpg 500w, https:\/\/asimetrica.pe\/shop\/wp-content\/uploads\/2024\/09\/Idealica-4-300x269.jpg 300w\" sizes=\"(max-width: 500px) 100vw, 500px\" \/><\/p>\n<blockquote><p><b>Mitzel<\/b><\/p>\n<p>Considero que mi conocimiento de la droga Idealica es una verdadera revoluci\u00f3n en mi vida. Un d\u00eda vi un art\u00edculo en Internet, lo le\u00ed y decid\u00ed comprarlo. Imag\u00ednese mi sorpresa cuando, como resultado de un breve tratamiento con el medicamento, el volumen en mis \u00e1reas problem\u00e1ticas comenz\u00f3 a disminuir. Es sorprendente que los resultados obtenidos sean sostenibles.<\/p><\/blockquote>\n<p>&nbsp;<\/p>\n<blockquote><p><b>Osm\u00edn<\/b><\/p>\n<p>Es vergonzoso decirlo, pero mi est\u00f3mago era como el de una mujer embarazada. Pero durante el tratamiento de acuerdo con las instrucciones de uso del medicamento Idealica, farmacia del ahorro fue posible superar muy r\u00e1pidamente el efecto f\u00edsico desagradable. Como resultado, incluso tuve que hacer agujeros en el cintur\u00f3n para que los pantalones dejaran de caerse. Una droga excelente en todos los sentidos.<\/p><\/blockquote>\n<p>&nbsp;<\/p>\n<blockquote><p><b>Yomira<\/b><\/p>\n<p>Decid\u00ed intentar perder peso para la temporada navide\u00f1a. Todos los d\u00edas caminaba 10 kil\u00f3metros, dej\u00e9 los carbohidratos r\u00e1pidos y comenc\u00e9 a beber Idealica donde lo puedo conseguir. En 4 semanas perd\u00ed varias tallas. La balanza mostr\u00f3 menos 10 kilogramos.<\/p><\/blockquote>\n<h2><b>\u00bfCu\u00e1l es el precio de Idealica y donde lo venden? \u00bfHay estafas en el mercado?<\/b><\/h2>\n<p>El fabricante ofrece un producto adelgazante a un precio equivalente en todos los pa\u00edses del mundo. El precio farmacia del ahorro walmart Idealica no cambia de un pa\u00eds a otro.<\/p>\n<p>Seg\u00fan los usuarios, el precio farmacia similares Idealica es bueno, teniendo en cuenta el efecto de p\u00e9rdida de peso r\u00e1pido y duradero.<\/p>\n<p>Actualmente hay una promoci\u00f3n de descuento en marcha que ofrece un -50% de descuento en el cat\u00e1logo donde lo venden Idealica. El descuento es v\u00e1lido mientras el producto est\u00e9 en stock.<\/p>\n<h2><b>\u00bfHay Idealica en la farmacia?<\/b><\/h2>\n<p><img loading=\"lazy\" decoding=\"async\" class=\"aligncenter size-full wp-image-19\" src=\"http:\/\/asimetrica.pe\/shop\/wp-content\/uploads\/2024\/09\/Idealica-5.jpg\" alt=\"\" width=\"500\" height=\"319\" srcset=\"https:\/\/asimetrica.pe\/shop\/wp-content\/uploads\/2024\/09\/Idealica-5.jpg 500w, https:\/\/asimetrica.pe\/shop\/wp-content\/uploads\/2024\/09\/Idealica-5-300x191.jpg 300w\" sizes=\"(max-width: 500px) 100vw, 500px\" \/><\/p>\n<p>Los compradores no deben buscar Idealica en farmacias y portales de compras. S\u00f3lo existen estafadores falsos. El sitio web oficial brinda acceso no solo al mejor precio Idealica, sino tambi\u00e9n a promociones y descuentos peri\u00f3dicos. Los compradores pagan el pedido contra reembolso.<\/p>\n<p>La bebida adelgazante instant\u00e1nea donde comprar Idealica se solicita seg\u00fan el procedimiento est\u00e1ndar de biocosm\u00e9tica. Si desea saber m\u00e1s sobre esto, lea nuestro art\u00edculo detallado sobre el m\u00e9todo de pedido y entrega.<\/p>\n<h2><b>\u00a1El ejercicio es una excelente manera de acelerar su metabolismo!<\/b><\/h2>\n<p>El ejercicio f\u00edsico ligero y regular tonifica el cuerpo como ninguna otra cosa. Combina esto con una dieta saludable y podr\u00e1s empezar a esculpir tu cuerpo de playa. No olvides agregar una golosina de vez en cuando. \u00a1Te lo mereces!<\/p>\n<p>Uno de los mejores productos para un mejor control del peso es la bebida instant\u00e1nea Idealica. Su fabricante lo ofrece a un precio equivalente en todos los pa\u00edses del mundo. Las opiniones de los clientes en sus rese\u00f1as y comentarios en foros tambi\u00e9n son positivas. La f\u00f3rmula tradicional japonesa del t\u00e9 para bajar de peso se considera una excelente alternativa a otros m\u00e9todos de p\u00e9rdida de peso.<\/p>\n","protected":false},"excerpt":{"rendered":"<p>Idealica es una bebida natural para adelgazar que ayuda a controlar el peso y mejorar la energ\u00eda f\u00edsica. Basada en una receta japonesa ancestral, su f\u00f3rmula contiene extractos de t\u00e9 verde Matcha, taurina y jugo de lim\u00f3n, promoviendo una silueta m\u00e1s elegante tanto en hombres como en mujeres.<\/p>\n","protected":false},"featured_media":14,"comment_status":"open","ping_status":"closed","template":"","meta":[],"product_cat":[15],"product_tag":[],"yoast_head":"<!-- This site is optimized with the Yoast SEO plugin v23.9 - https:\/\/yoast.com\/wordpress\/plugins\/seo\/ -->\n<title>Idealica - Asimetrica<\/title>\n<meta name=\"robots\" content=\"index, follow, max-snippet:-1, max-image-preview:large, max-video-preview:-1\" \/>\n<link rel=\"canonical\" href=\"https:\/\/asimetrica.pe\/shop\/product\/idealica\/\" \/>\n<meta property=\"og:locale\" content=\"es_ES\" \/>\n<meta property=\"og:type\" content=\"article\" \/>\n<meta property=\"og:title\" content=\"Idealica - Asimetrica\" \/>\n<meta property=\"og:description\" content=\"Idealica es una bebida natural para adelgazar que ayuda a controlar el peso y mejorar la energ\u00eda f\u00edsica. Basada en una receta japonesa ancestral, su f\u00f3rmula contiene extractos de t\u00e9 verde Matcha, taurina y jugo de lim\u00f3n, promoviendo una silueta m\u00e1s elegante tanto en hombres como en mujeres.\" \/>\n<meta property=\"og:url\" content=\"https:\/\/asimetrica.pe\/shop\/product\/idealica\/\" \/>\n<meta property=\"og:site_name\" content=\"Asimetrica\" \/>\n<meta property=\"article:modified_time\" content=\"2025-03-24T13:45:40+00:00\" \/>\n<meta property=\"og:image\" content=\"http:\/\/asimetrica.pe\/shop\/wp-content\/uploads\/2024\/09\/Idealica.jpg\" \/>\n\t<meta property=\"og:image:width\" content=\"262\" \/>\n\t<meta property=\"og:image:height\" content=\"345\" \/>\n\t<meta property=\"og:image:type\" content=\"image\/jpeg\" \/>\n<meta name=\"twitter:card\" content=\"summary_large_image\" \/>\n<meta name=\"twitter:label1\" content=\"Tiempo de lectura\" \/>\n\t<meta name=\"twitter:data1\" content=\"10 minutos\" \/>\n<script type=\"application\/ld+json\" class=\"yoast-schema-graph\">{\"@context\":\"https:\/\/schema.org\",\"@graph\":[{\"@type\":\"WebPage\",\"@id\":\"https:\/\/asimetrica.pe\/shop\/product\/idealica\/\",\"url\":\"https:\/\/asimetrica.pe\/shop\/product\/idealica\/\",\"name\":\"Idealica - Asimetrica\",\"isPartOf\":{\"@id\":\"https:\/\/asimetrica.pe\/shop\/#website\"},\"primaryImageOfPage\":{\"@id\":\"https:\/\/asimetrica.pe\/shop\/product\/idealica\/#primaryimage\"},\"image\":{\"@id\":\"https:\/\/asimetrica.pe\/shop\/product\/idealica\/#primaryimage\"},\"thumbnailUrl\":\"https:\/\/asimetrica.pe\/shop\/wp-content\/uploads\/2024\/09\/Idealica.jpg\",\"datePublished\":\"2024-09-25T05:47:09+00:00\",\"dateModified\":\"2025-03-24T13:45:40+00:00\",\"breadcrumb\":{\"@id\":\"https:\/\/asimetrica.pe\/shop\/product\/idealica\/#breadcrumb\"},\"inLanguage\":\"es\",\"potentialAction\":[{\"@type\":\"ReadAction\",\"target\":[\"https:\/\/asimetrica.pe\/shop\/product\/idealica\/\"]}]},{\"@type\":\"ImageObject\",\"inLanguage\":\"es\",\"@id\":\"https:\/\/asimetrica.pe\/shop\/product\/idealica\/#primaryimage\",\"url\":\"https:\/\/asimetrica.pe\/shop\/wp-content\/uploads\/2024\/09\/Idealica.jpg\",\"contentUrl\":\"https:\/\/asimetrica.pe\/shop\/wp-content\/uploads\/2024\/09\/Idealica.jpg\",\"width\":262,\"height\":345},{\"@type\":\"BreadcrumbList\",\"@id\":\"https:\/\/asimetrica.pe\/shop\/product\/idealica\/#breadcrumb\",\"itemListElement\":[{\"@type\":\"ListItem\",\"position\":1,\"name\":\"Home\",\"item\":\"https:\/\/asimetrica.pe\/shop\/\"},{\"@type\":\"ListItem\",\"position\":2,\"name\":\"Tienda\",\"item\":\"https:\/\/asimetrica.pe\/shop\/\"},{\"@type\":\"ListItem\",\"position\":3,\"name\":\"Idealica\"}]},{\"@type\":\"WebSite\",\"@id\":\"https:\/\/asimetrica.pe\/shop\/#website\",\"url\":\"https:\/\/asimetrica.pe\/shop\/\",\"name\":\"Asimetrica\",\"description\":\"Shop\",\"publisher\":{\"@id\":\"https:\/\/asimetrica.pe\/shop\/#organization\"},\"potentialAction\":[{\"@type\":\"SearchAction\",\"target\":{\"@type\":\"EntryPoint\",\"urlTemplate\":\"https:\/\/asimetrica.pe\/shop\/?s={search_term_string}\"},\"query-input\":{\"@type\":\"PropertyValueSpecification\",\"valueRequired\":true,\"valueName\":\"search_term_string\"}}],\"inLanguage\":\"es\"},{\"@type\":\"Organization\",\"@id\":\"https:\/\/asimetrica.pe\/shop\/#organization\",\"name\":\"Asimetrica\",\"url\":\"https:\/\/asimetrica.pe\/shop\/\",\"logo\":{\"@type\":\"ImageObject\",\"inLanguage\":\"es\",\"@id\":\"https:\/\/asimetrica.pe\/shop\/#\/schema\/logo\/image\/\",\"url\":\"https:\/\/asimetrica.pe\/shop\/wp-content\/uploads\/2024\/11\/asimetrica.jpg\",\"contentUrl\":\"https:\/\/asimetrica.pe\/shop\/wp-content\/uploads\/2024\/11\/asimetrica.jpg\",\"width\":328,\"height\":72,\"caption\":\"Asimetrica\"},\"image\":{\"@id\":\"https:\/\/asimetrica.pe\/shop\/#\/schema\/logo\/image\/\"}}]}<\/script>\n<!-- \/ Yoast SEO plugin. -->","yoast_head_json":{"title":"Idealica - Asimetrica","robots":{"index":"index","follow":"follow","max-snippet":"max-snippet:-1","max-image-preview":"max-image-preview:large","max-video-preview":"max-video-preview:-1"},"canonical":"https:\/\/asimetrica.pe\/shop\/product\/idealica\/","og_locale":"es_ES","og_type":"article","og_title":"Idealica - Asimetrica","og_description":"Idealica es una bebida natural para adelgazar que ayuda a controlar el peso y mejorar la energ\u00eda f\u00edsica. Basada en una receta japonesa ancestral, su f\u00f3rmula contiene extractos de t\u00e9 verde Matcha, taurina y jugo de lim\u00f3n, promoviendo una silueta m\u00e1s elegante tanto en hombres como en mujeres.","og_url":"https:\/\/asimetrica.pe\/shop\/product\/idealica\/","og_site_name":"Asimetrica","article_modified_time":"2025-03-24T13:45:40+00:00","og_image":[{"width":262,"height":345,"url":"http:\/\/asimetrica.pe\/shop\/wp-content\/uploads\/2024\/09\/Idealica.jpg","type":"image\/jpeg"}],"twitter_card":"summary_large_image","twitter_misc":{"Tiempo de lectura":"10 minutos"},"schema":{"@context":"https:\/\/schema.org","@graph":[{"@type":"WebPage","@id":"https:\/\/asimetrica.pe\/shop\/product\/idealica\/","url":"https:\/\/asimetrica.pe\/shop\/product\/idealica\/","name":"Idealica - Asimetrica","isPartOf":{"@id":"https:\/\/asimetrica.pe\/shop\/#website"},"primaryImageOfPage":{"@id":"https:\/\/asimetrica.pe\/shop\/product\/idealica\/#primaryimage"},"image":{"@id":"https:\/\/asimetrica.pe\/shop\/product\/idealica\/#primaryimage"},"thumbnailUrl":"https:\/\/asimetrica.pe\/shop\/wp-content\/uploads\/2024\/09\/Idealica.jpg","datePublished":"2024-09-25T05:47:09+00:00","dateModified":"2025-03-24T13:45:40+00:00","breadcrumb":{"@id":"https:\/\/asimetrica.pe\/shop\/product\/idealica\/#breadcrumb"},"inLanguage":"es","potentialAction":[{"@type":"ReadAction","target":["https:\/\/asimetrica.pe\/shop\/product\/idealica\/"]}]},{"@type":"ImageObject","inLanguage":"es","@id":"https:\/\/asimetrica.pe\/shop\/product\/idealica\/#primaryimage","url":"https:\/\/asimetrica.pe\/shop\/wp-content\/uploads\/2024\/09\/Idealica.jpg","contentUrl":"https:\/\/asimetrica.pe\/shop\/wp-content\/uploads\/2024\/09\/Idealica.jpg","width":262,"height":345},{"@type":"BreadcrumbList","@id":"https:\/\/asimetrica.pe\/shop\/product\/idealica\/#breadcrumb","itemListElement":[{"@type":"ListItem","position":1,"name":"Home","item":"https:\/\/asimetrica.pe\/shop\/"},{"@type":"ListItem","position":2,"name":"Tienda","item":"https:\/\/asimetrica.pe\/shop\/"},{"@type":"ListItem","position":3,"name":"Idealica"}]},{"@type":"WebSite","@id":"https:\/\/asimetrica.pe\/shop\/#website","url":"https:\/\/asimetrica.pe\/shop\/","name":"Asimetrica","description":"Shop","publisher":{"@id":"https:\/\/asimetrica.pe\/shop\/#organization"},"potentialAction":[{"@type":"SearchAction","target":{"@type":"EntryPoint","urlTemplate":"https:\/\/asimetrica.pe\/shop\/?s={search_term_string}"},"query-input":{"@type":"PropertyValueSpecification","valueRequired":true,"valueName":"search_term_string"}}],"inLanguage":"es"},{"@type":"Organization","@id":"https:\/\/asimetrica.pe\/shop\/#organization","name":"Asimetrica","url":"https:\/\/asimetrica.pe\/shop\/","logo":{"@type":"ImageObject","inLanguage":"es","@id":"https:\/\/asimetrica.pe\/shop\/#\/schema\/logo\/image\/","url":"https:\/\/asimetrica.pe\/shop\/wp-content\/uploads\/2024\/11\/asimetrica.jpg","contentUrl":"https:\/\/asimetrica.pe\/shop\/wp-content\/uploads\/2024\/11\/asimetrica.jpg","width":328,"height":72,"caption":"Asimetrica"},"image":{"@id":"https:\/\/asimetrica.pe\/shop\/#\/schema\/logo\/image\/"}}]}},"_links":{"self":[{"href":"https:\/\/asimetrica.pe\/shop\/wp-json\/wp\/v2\/product\/39"}],"collection":[{"href":"https:\/\/asimetrica.pe\/shop\/wp-json\/wp\/v2\/product"}],"about":[{"href":"https:\/\/asimetrica.pe\/shop\/wp-json\/wp\/v2\/types\/product"}],"replies":[{"embeddable":true,"href":"https:\/\/asimetrica.pe\/shop\/wp-json\/wp\/v2\/comments?post=39"}],"wp:featuredmedia":[{"embeddable":true,"href":"https:\/\/asimetrica.pe\/shop\/wp-json\/wp\/v2\/media\/14"}],"wp:attachment":[{"href":"https:\/\/asimetrica.pe\/shop\/wp-json\/wp\/v2\/media?parent=39"}],"wp:term":[{"taxonomy":"product_cat","embeddable":true,"href":"https:\/\/asimetrica.pe\/shop\/wp-json\/wp\/v2\/product_cat?post=39"},{"taxonomy":"product_tag","embeddable":true,"href":"https:\/\/asimetrica.pe\/shop\/wp-json\/wp\/v2\/product_tag?post=39"}],"curies":[{"name":"wp","href":"https:\/\/api.w.org\/{rel}","templated":true}]}}